{"id":2114,"date":"2022-10-16T13:23:43","date_gmt":"2022-10-16T13:23:43","guid":{"rendered":"https:\/\/folksyblues.com\/?page_id=2114"},"modified":"2022-10-16T13:23:43","modified_gmt":"2022-10-16T13:23:43","slug":"electric-avenue-mattias-malm","status":"publish","type":"page","link":"https:\/\/folksyblues.com\/?page_id=2114","title":{"rendered":"Electric Avenue &#8211; Mattias Malm"},"content":{"rendered":"\n<figure class=\"wp-block-image size-large\"><img loading=\"lazy\" decoding=\"async\" width=\"828\" height=\"824\" src=\"https:\/\/folksyblues.com\/wp-content\/uploads\/2022\/10\/IMG_1969.jpg\" alt=\"\" class=\"wp-image-2115\" srcset=\"https:\/\/folksyblues.com\/wp-content\/uploads\/2022\/10\/IMG_1969.jpg 828w, https:\/\/folksyblues.com\/wp-content\/uploads\/2022\/10\/IMG_1969-300x300.jpg 300w, https:\/\/folksyblues.com\/wp-content\/uploads\/2022\/10\/IMG_1969-150x150.jpg 150w, https:\/\/folksyblues.com\/wp-content\/uploads\/2022\/10\/IMG_1969-768x764.jpg 768w\" sizes=\"auto, (max-width: 828px) 100vw, 828px\" \/><\/figure>\n\n\n\n<p>\u201dElectric Avenue\u201d \u00e4r en uppf\u00f6ljare till Malms f\u00f6rra album, \u201dMalm On Burnside\u201d. Och vilken uppf\u00f6ljare sedan!\u00a0\u00a0\u201dMalm On Burnside\u201d var \u00f6verv\u00e4gande akustisk medan \u201dElectric Avenue\u201d \u00e4r, just det, elektrisk, elektrisk s\u00e5 det sprakar i h\u00f6gtalarna! H\u00e4r g\u00f6r han ocks\u00e5 f\u00f6rebilden R.L. Burnside mer r\u00e4ttvisa. Burnside spelade visserligen sina l\u00e5tar akustiskt ibland men det \u00e4r de elektriska konserterna som har fastnat mest. P\u00e5 dem hade han alltid den eminente slide-gitarristen Kenny Brown med sig. P\u00e5 \u201dElectric Avenue\u201d lyckas Mattias Malm med konststycket att l\u00e5ta precis lika skitig och r\u00e5 och vibrerande som n\u00e5gonsin Kenny Brown gjort.<\/p>\n\n\n\n<p>Det \u00e4r 1,5 \u00e5r sedan f\u00f6rra skivan men Malm har anv\u00e4nt tiden v\u00e4l. Hans gitarrspel har utvecklats och blivit mer detaljerat. N\u00e5got som ocks\u00e5 \u00e4r positivt \u00e4r att Malm g\u00f6r sina egna, personliga tolkningar av Burnsides l\u00e5tar, vilket motiverar en att k\u00f6pa CDn. L\u00e5tvalet \u00e4r ungef\u00e4r samma som den akustiska f\u00f6reg\u00e5ngaren men mycket mer sp\u00e4nnande och medryckande.&nbsp;<\/p>\n\n\n\n<p>Tycker man om det \u2013 ofta p\u00e5 ett ackord baserade &#8211; dronande soundet som \u00e4r k\u00e4nnetecknande f\u00f6r Mississippi North Hill Country Blues s\u00e5 \u00e4r skivan klockren!<\/p>\n\n\n\n<p>Med sig i studion, s\u00e5v\u00e4l som p\u00e5 scen, har Mattias Malm multiinstrumentalisten och skivproducenten Thomas Larsen p\u00e5 bas, Thomas Melau p\u00e5 munspel och Pontus Snibb (k\u00e4nd gitarrist) p\u00e5 trummor, alla v\u00e4l samspelade. S\u00e5ngerskan Yvette Eklund h\u00f6rs ocks\u00e5 i k\u00f6ren.<\/p>\n\n\n\n<p>Skivan best\u00e4lls enklast via:\u00a0\u00a0mattiasmalm73@gmail.com<\/p>\n\n\n\n<figure class=\"wp-block-image size-large\"><img loading=\"lazy\" decoding=\"async\" width=\"1024\" height=\"668\" src=\"https:\/\/folksyblues.com\/wp-content\/uploads\/2022\/10\/42A1876-sv-1024x668.jpg\" alt=\"\" class=\"wp-image-2116\" srcset=\"https:\/\/folksyblues.com\/wp-content\/uploads\/2022\/10\/42A1876-sv-1024x668.jpg 1024w, https:\/\/folksyblues.com\/wp-content\/uploads\/2022\/10\/42A1876-sv-300x196.jpg 300w, https:\/\/folksyblues.com\/wp-content\/uploads\/2022\/10\/42A1876-sv-768x501.jpg 768w, https:\/\/folksyblues.com\/wp-content\/uploads\/2022\/10\/42A1876-sv-1536x1002.jpg 1536w, https:\/\/folksyblues.com\/wp-content\/uploads\/2022\/10\/42A1876-sv-2048x1336.jpg 2048w\" sizes=\"auto, (max-width: 1024px) 100vw, 1024px\" \/><figcaption>Foto: Tobias Annerfeldt<\/figcaption><\/figure>\n","protected":false},"excerpt":{"rendered":"<p>\u201dElectric Avenue\u201d \u00e4r en uppf\u00f6ljare till Malms f\u00f6rra album, \u201dMalm On Burnside\u201d. Och vilken uppf\u00f6ljare sedan!\u00a0\u00a0\u201dMalm On Burnside\u201d var \u00f6verv\u00e4gande akustisk medan \u201dElectric Avenue\u201d \u00e4r, just det, elektrisk, elektrisk s\u00e5 det sprakar i h\u00f6gtalarna! H\u00e4r g\u00f6r han ocks\u00e5 f\u00f6rebilden R.L. Burnside mer r\u00e4ttvisa. Burnside spelade visserligen sina l\u00e5tar akustiskt ibland men det \u00e4r de elektriska&hellip; <a href=\"https:\/\/folksyblues.com\/?page_id=2114\" class=\"read-more\">Forts\u00e4tt l\u00e4sa Electric Avenue &#8211; Mattias Malm<\/a><\/p>\n","protected":false},"author":2,"featured_media":0,"parent":0,"menu_order":0,"comment_status":"closed","ping_status":"closed","template":"","meta":{"footnotes":""},"class_list":["post-2114","page","type-page","status-publish","hentry"],"_links":{"self":[{"href":"https:\/\/folksyblues.com\/index.php?rest_route=\/wp\/v2\/pages\/2114","targetHints":{"allow":["GET"]}}],"collection":[{"href":"https:\/\/folksyblues.com\/index.php?rest_route=\/wp\/v2\/pages"}],"about":[{"href":"https:\/\/folksyblues.com\/index.php?rest_route=\/wp\/v2\/types\/page"}],"author":[{"embeddable":true,"href":"https:\/\/folksyblues.com\/index.php?rest_route=\/wp\/v2\/users\/2"}],"replies":[{"embeddable":true,"href":"https:\/\/folksyblues.com\/index.php?rest_route=%2Fwp%2Fv2%2Fcomments&post=2114"}],"version-history":[{"count":1,"href":"https:\/\/folksyblues.com\/index.php?rest_route=\/wp\/v2\/pages\/2114\/revisions"}],"predecessor-version":[{"id":2119,"href":"https:\/\/folksyblues.com\/index.php?rest_route=\/wp\/v2\/pages\/2114\/revisions\/2119"}],"wp:attachment":[{"href":"https:\/\/folksyblues.com\/index.php?rest_route=%2Fwp%2Fv2%2Fmedia&parent=2114"}],"curies":[{"name":"wp","href":"https:\/\/api.w.org\/{rel}","templated":true}]}}