{"id":2096,"date":"2022-10-04T15:58:23","date_gmt":"2022-10-04T15:58:23","guid":{"rendered":"https:\/\/folksyblues.com\/?page_id=2096"},"modified":"2022-10-17T10:25:56","modified_gmt":"2022-10-17T10:25:56","slug":"svante-sjoblom-2","status":"publish","type":"page","link":"https:\/\/folksyblues.com\/?page_id=2096","title":{"rendered":"Svante Sj\u00f6blom"},"content":{"rendered":"\n<div class=\"wp-block-image\"><figure class=\"aligncenter size-large\"><img loading=\"lazy\" decoding=\"async\" width=\"682\" height=\"1024\" src=\"https:\/\/folksyblues.com\/wp-content\/uploads\/2022\/10\/D4S1544-Edit-kopi-1-682x1024.jpg\" alt=\"\" class=\"wp-image-2128\" srcset=\"https:\/\/folksyblues.com\/wp-content\/uploads\/2022\/10\/D4S1544-Edit-kopi-1-682x1024.jpg 682w, https:\/\/folksyblues.com\/wp-content\/uploads\/2022\/10\/D4S1544-Edit-kopi-1-200x300.jpg 200w, https:\/\/folksyblues.com\/wp-content\/uploads\/2022\/10\/D4S1544-Edit-kopi-1-768x1154.jpg 768w, https:\/\/folksyblues.com\/wp-content\/uploads\/2022\/10\/D4S1544-Edit-kopi-1-1022x1536.jpg 1022w, https:\/\/folksyblues.com\/wp-content\/uploads\/2022\/10\/D4S1544-Edit-kopi-1-1363x2048.jpg 1363w, https:\/\/folksyblues.com\/wp-content\/uploads\/2022\/10\/D4S1544-Edit-kopi-1-scaled.jpg 1704w\" sizes=\"auto, (max-width: 682px) 100vw, 682px\" \/><figcaption>Foto av Frank Nielsen<\/figcaption><\/figure><\/div>\n\n\n\n<p>Av Johnny Petersen, <\/p>\n\n\n\n<p>\u201dA country boy in\u2026\u201d nej, inte New Orleans men Malm\u00f6, tvilling-stad till K\u00f6penhamn. 38-\u00e5rige Svante Sj\u00f6blom har varit v\u00e4ldigt popul\u00e4r, b\u00e5de i Sverige och i Danmark, ganska l\u00e4nge nu, \u00e4ven om han fortfarande betraktas som \u201dDen unge, tynde Svenskeren\u201d (Peter Nande) d\u00e4r \u2013 alltid fyllande upp konsert-lokalerna med trogna fans. Han betraktas som en sann gitarr virtuos, kompentent att spela n\u00e4stan alla genrer med kort notis, \u00e4ven om han sj\u00e4lv inte k\u00e4nner igen en s\u00e5dan beskrivning.<\/p>\n\n\n\n<p>N\u00e4r han blir ombedd FB att beskriva sina f\u00f6rsta stapplande steg in i musik-v\u00e4rlden, ber\u00e4ttar han, \u201dJag b\u00f6rjade med att spela trummor n\u00e4r jag var 11, den klassiska bilden d\u00e4r man spelar p\u00e5 bunkar och grytor och grytlock, nej, det m\u00e5ste ha varit mycket tidigare, kanske n\u00e4r jag var 4 eller s\u00e5. Vi hade massor med musik hemma d\u00e5 min far \u00e4r en h\u00e4ngiven diggare och skivsamlare. N\u00e4r jag var 11 s\u00e5 k\u00f6pte vi ett trum-set via en annons i tidningen. Lite senare fick jag id\u00e9n att jag verkligen ville spela gitarr. Jag spelade inte blockfl\u00f6jt i skolan som de andra barnen utan ville ist\u00e4llet b\u00f6rja spela elektrisk gitarr direkt. S\u00e5 det gjorde jag. Vi k\u00f6pte en elektrisk gitarr n\u00e4r jag fyllde 13. Att b\u00f6rja vid s\u00e5 pass tidig \u00e5lder \u00e4r mycket v\u00e4rdefullt eftersom du aldrig kan f\u00e5 tillbaka den tiden. Tiden n\u00e4r musiken g\u00e5r in i ryggm\u00e4rgen, i blodet.&nbsp;<\/p>\n\n\n\n<p>Den perioden, mellan 11 och s\u00e4g, 19, gjorde jag inte mycket annat \u00e4n att spela. Jag \u00e4r inte en disciplinerad \u00f6vnings-person utan jag l\u00e4r mig hellre direkt fr\u00e5n den \u00e4kta varan. Har f\u00f6r lite t\u00e5lamod, helt enkelt, s\u00e5 jag l\u00e4rde mig p\u00e5 mitt eget s\u00e4tt. En del av mina v\u00e4nner \u00f6var varje dag och finner gl\u00e4dje i det men det g\u00f6r inte jag. \u00c4ven om jag kunde disponera hela min tid till musik s\u00e5 vet jag att jag inte skulle g\u00f6ra det. Jag \u00e4r beroende av kontrasterna mellan musiken och andra saker jag g\u00f6r. Jag \u00e4r utbildad m\u00f6bel-snickare och jag beh\u00f6ver verkligen g\u00f6ra det och andra saker f\u00f6r att uppr\u00e4tth\u00e5lla gl\u00e4djen i att skapa min musik. D\u00e5 uppst\u00e5r det en l\u00e4ngtan efter att spela gitarr och jag kan s\u00e4tta mig ner och skapa n\u00e5got nytt.<\/p>\n\n\n\n<p>Jag fick helt enkelt lov att g\u00f6ra det p\u00e5 mitt s\u00e4tt. N\u00e4r jag var 14 s\u00e5 hade jag tr\u00e4ffat n\u00e5gra andra ungar som ville spela s\u00e5 vi skapade v\u00e5rt f\u00f6rsta band. Snart b\u00f6rjade vi spela ute och det har jag gjort \u00e4nda sedan dess.\u201d<\/p>\n\n\n\n<p>FB: \u201dJag vet inte vem, kanske det du sj\u00e4lv, som en ber\u00e4ttade att keyboard spelaren och producenten Magnus N\u00f6rrenberg har haft en stor betydelse f\u00f6r dig och din utveckling. Kan du ber\u00e4tta lite om det?\u201d<\/p>\n\n\n\n<p>SS: \u201dHonom m\u00f6tte jag f\u00f6rsta g\u00e5ngen n\u00e4r jag var 17 p\u00e5 \u2019Bullen\u2019 (a.k.a. The Bulls Eye, en lokal pub) dit min far brukade g\u00e5 p\u00e5 torsdagar f\u00f6r att lyssna p\u00e5 honom och n\u00e5gra andra lokala musiker. S\u00e5 min far tog med mig dit. P\u00e5 den tiden gick jag p\u00e5 Musikgymnasiet. Snart nog blev jag inbjuden att sitta med som g\u00e4stmusiker. Jag k\u00e4nde ju inte dem d\u00e5 men de tyckte jag var rolig och bad mig komma tillbaka. Det gjorde jag och hade med mig min gamla akustiska Levin gitarr och Magnus grymtade, \u2019Jag hoppas att du ocks\u00e5 har gamla str\u00e4ngar p\u00e5 den d\u00e4r saken!\u2019 och gick d\u00e4rifr\u00e5n. Jag var r\u00e4dd f\u00f6r honom ganska l\u00e4nge efter det.\u201d<\/p>\n\n\n\n<p>\u201dMen senare s\u00e5 spelade vi in min f\u00f6rsta CD tillsammans i mitt hus p\u00e5 landet. Efter det s\u00e5 har vi ofta spelat tillsammans med andra artister. Det har g\u00e5tt 20 \u00e5r nu. Han har spelat in alla mina skivor, den sista tog n\u00e4stan tv\u00e5 \u00e5r under pandemin. Jag litar fullst\u00e4ndigt p\u00e5 honom. N\u00e4r vi skall spela in s\u00e5 flyttar vi all hans utrustning ner till mitt hus p\u00e5 landet eftersom jag inte \u00e4r bekv\u00e4m i studiomilj\u00f6n. Jag f\u00f6redrar att arbeta hemma, det \u00e4r mer avslappnat. Man kan ta en paus och g\u00e5 ner till havet om man vill, eller ta en kaffe i tr\u00e4dg\u00e5rden. L\u00e5ngsamt har jag b\u00f6rjat acceptera det eftersom jag ocks\u00e5 \u00e4r studiomusiker men jag f\u00f6redrar absolut ett vardagsrum. Att bara kunna h\u00e4nga, kanske t\u00e4nda en brasa i spisen och\u2026 Det \u00e4r verkligen viktigt med den sociala milj\u00f6n och kontakten mellan folket jag spelar med. Jag \u00e4r ingen stads-m\u00e4nniska utan en riktig lantis. Och han accepterade det. Kanske m\u00e5ste jag sl\u00e4ppa det men\u2026 Nu har vi avslutat senaste inspelningen och p\u00e5 s\u00e4tt och vis dr\u00e4nerat det. S\u00e5, det kanske m\u00e5ste ta lite tid och sen ser vi vad som h\u00e4nder.\u201d<\/p>\n\n\n\n<p>N\u00e4sta fr\u00e5ga: \u201cVilka var dina tidiga inspirationer? Bob Dylan kanske?\u201d<\/p>\n\n\n\n<p>SS: \u201dN\u00e5, mina f\u00f6rsta skivor var Nirvana och Guns \u2019n\u2019 Roses. Grunge var grejen p\u00e5 den tiden. Min far har samlat skivor hela sitt liv och han spelade in n\u00e5gra bland-band till mig med ett brett musik-spektrum. Dylan, ELP, Zappa och Leadbelly, bara f\u00f6r att n\u00e4mna n\u00e5gra f\u00e5. Sedan Hendrix f\u00f6rst\u00e5s, min f\u00f6rsta elgitarr-gitarr inspiration. Hendrix var DET. Men jag hoppade runt, John Lee Hooker var en inspiration. Och s\u00e5 var d\u00e4r Fjellis, (en lokal akustisk blues-m\u00e4stare, spelande en gammal National pl\u00e5tgitarr). Jag b\u00f6rjade kolla upp l\u00e5tarna han hade spelat in och var de kom ifr\u00e5n. D\u00e4r fann jag Robert Johnson och Bukka White bland andra. S\u00e5 var det fr\u00e5n det att jag var tretton tills jag blev sexton, och sedan d\u00f6k jag in i den akustiska v\u00e4rlden. D\u00e4rifr\u00e5n var det bara Country Blues och Delta Blues under de f\u00f6ljande fyra eller fem \u00e5ren. Det var inte f\u00f6rr\u00e4n efter hans d\u00f6d som jag uppt\u00e4ckte hans musik trots att jag tr\u00e4ffade honom hemma hos en v\u00e4n.\u201d<\/p>\n\n\n\n<p>\u201dBob Dylan har alltid funnits d\u00e4r men han har aldrig varit en hj\u00e4lte f\u00f6r mig. En del m\u00e4nniskor kan jag \u2019h\u00f6ra\u2019 och jag kunde helt enkelt inte \u2019h\u00f6ra\u2019 honom. Numera kan jag. Varje jul lyssnar jag faktiskt p\u00e5 hans Jul-skiva (skrattar).\u201d<\/p>\n\n\n\n<p>OK, n\u00e4sta: \u201dHur l\u00e4rde du k\u00e4nna Peter Nande?\u201d<\/p>\n\n\n\n<p>SS: \u201dHm, jo jag tr\u00e4ffade Peter och Tim Lothar p\u00e5 \u00c5m\u00e5ls Blues Fest d\u00e4r jag spelade ofta. Efter det s\u00e5 blev jag ers\u00e4ttare f\u00f6r Tim i deras duo n\u00e4r han var p\u00e5 turn\u00e9. Det b\u00f6rjade med ett enkelt gig och pl\u00f6tsligt blev det en hel massa gigs med Peter Nandes Blues Jamboree. Jag reste bara \u00f6ver till K\u00f6penhamn och vi gjorde den d\u00e4r duo grejen och strax d\u00e4refter startade Jamboree-sessionerna och vi gjorde dem under sju \u00e5r eller s\u00e5.\u201d<\/p>\n\n\n\n<p>FB: \u201dDet var v\u00e4l d\u00e4r du b\u00f6rjade kallas f\u00f6r \u2019Den unge tynde Svensker\u2019, eller hur?\u201d<\/p>\n\n\n\n<p>SS: \u201dJovisst, det var mobbing p\u00e5 h\u00f6g niv\u00e5 (skrattar). Jag hade lyssnat p\u00e5 dem allihop som i Bluest\u00e4ltet p\u00e5 Malm\u00f6-festivalen. Som Paul Banks och H.P. Lange, som var andra av mina hj\u00e4ltar f\u00f6rst\u00e5s. N\u00e4r jag b\u00f6rjade spela akustisk gitarr s\u00f6kte jag runt och hittade dem alla. S\u00e5 det var riktigt roligt att komma och spela med dem! Vi var elva personer eller s\u00e5 n\u00e4r vi spelade in de tv\u00e5 skivorna. Efter ett tag s\u00e5 blev det mitt jobb att spela den musiken och jag k\u00f6rde p\u00e5 \u00f6vertid. Det var s\u00e5, det h\u00f6ll p\u00e5 alldeles f\u00f6r l\u00e4nge.&nbsp;&nbsp;Jag uppt\u00e4ckte att det inte var min musik s\u00e5 att s\u00e4ga. Inte vad jag hade i mitt hj\u00e4rta. Mitt hj\u00e4rta inneh\u00e5ller en blandning av allting jag har lyssnat p\u00e5 sedan jag var typ tretton. Under min utbildning spelade jag allt m\u00f6jligt, vi hade en Frank Zappa-ensemble och vi spelade The Doors som visserligen hade en blues anknytning men p\u00e5 en annan niv\u00e5. Men jag har ocks\u00e5 alltid spelat Bluegrass, Irl\u00e4ndsk Folkmusik och Old-Timey Music. Jag kan k\u00e4nna mig inst\u00e4ngd \u2013 jag menar, jag kan snickra dig vilken m\u00f6bel som helst men jag kan inte spela vad som helst. Inte l\u00e4ngre. Jag s\u00e4ger inte att det \u00e4r fel men det \u00e4r inte f\u00f6r mig. Det \u00e4r inte d\u00e4rf\u00f6r jag spelar.\u201d<\/p>\n\n\n\n<p>\u201d2017 tog jag tog en paus under tv\u00e5 \u00e5r, innan pandemin, s\u00e5 det var d\u00e5 jag slutade att spela i Danmark. K\u00e4nde att jag var f\u00e4rdig med den grejen. Jag spelade dock ett par gigs med Paul Banks 2017 h\u00e4r i Sverige. Ett var i Kornhult, en by i Halland, n\u00e4ra Markaryd, ett Dansk-n\u00e4ste, \u00e4gt av Danskar och med en massa Danska artister spelandes d\u00e4r. Jag gjorde ett sista gig med bluesg\u00e4nget i Danmark 2018. Jag spelade ocks\u00e5 d\u00e4r med Twang.<\/p>\n\n\n\n<p>FB: \u201cKom du I kontakt med Twang genom Paul Banks (varande far till bandets banjo-spelare)?\u201d<\/p>\n\n\n\n<p>SS: \u201dMin fru Malin och jag vi bokade dem till en konsert i v\u00e5r gamla lanthandel. Det var precis vad jag beh\u00f6vde. De \u00e4r s\u00e5 f\u00f6rbaskat bra! De har r\u00e4tt blandning och verklig gl\u00e4dje i det de g\u00f6r. Efter konserten jammade vi till fyra p\u00e5 morgonen. Senare spelade de p\u00e5 v\u00e5rt br\u00f6llop. Vi sa, \u2019Vi m\u00e5ste komma p\u00e5 en anledning att spela ihop, hur skulle det vara om vi fyra spelade in en skiva ihop?\u2019 Och s\u00e5 blev det. Efter det s\u00e5 lyckades vi spela fyra gigs innan hela samh\u00e4llet st\u00e4ngde ner.\u201d<\/p>\n\n\n\n<p>FB: \u201dBer\u00e4tta om dina andra samarbeten, som Sophie Livenbrandt \u2013 som du nyligen har gjort en skiva med \u2013 och andra.\u201d<\/p>\n\n\n\n<p>SS. \u201dN\u00e5, jag har spelat med Sophie fr\u00e5n och till under m\u00e5nga \u00e5r, \u00e4nda sedan hennes f\u00f6rsta skiva 2008 eller 9. Det finns inga andra, jag h\u00e5ller mig borta fr\u00e5n det. Jag f\u00f6rs\u00f6ker att koncentrera mig p\u00e5 min egen grej. Inga g\u00e4st-spelningar. Inte f\u00f6r att jag inte gillar det utan jag beh\u00f6ver faktiskt fokusera p\u00e5 min egen musik. Under m\u00e5nga \u00e5r har jag inte haft m\u00f6jlighet att g\u00f6ra det. Mitt l\u00e5tskrivande \u00e4r levande nu och det \u00e4r det som h\u00e5ller mig levande.\u201d<\/p>\n\n\n\n<p>FB: \u201dJag har en obligatorisk fr\u00e5ga till alla, \u2019Vem skulle du v\u00e4lja att bjuda hit f\u00f6r att lira med om du kunde v\u00e4lja fritt? Endast en.\u2019\u201d<\/p>\n\n\n\n<p>SS: \u201cHmm, det \u00e4r sv\u00e5rt. Nej, jag kan inte svara p\u00e5 det. Det vore att leva i n\u00e5got annat, \u00f6nskande att du var n\u00e5gon annan. Jag undviker att leva s\u00e5.<\/p>\n\n\n\n<p>Sista fr\u00e5gan: \u201cBer\u00e4tta om dina gitarrer.\u201d&nbsp;<\/p>\n\n\n\n<p>SS: \u201dDet \u00e4r Martin f\u00f6r hela slanten. Just nu har jag tre. N\u00e5v\u00e4l, jag har faktiskt fyra men en \u00e4r till salu, det \u00e4r en D-28 fr\u00e5n 1960. Min mentor i b\u00e5de snickeri och Bluegrass spelade p\u00e5 Martin s\u00e5 det var han som fick in mig p\u00e5 det. Den f\u00f6rsta k\u00f6pte jag av en musiker i G\u00f6teborg som hade k\u00f6pt H.P. Langes gamla i Memphis, Tennessee. Just den har jag dock inte kvar l\u00e4ngre. Jag har s\u00e5lt n\u00e5gra och jag har ocks\u00e5 spelat National Resos under m\u00e5nga \u00e5r. Det ing\u00e5r i det hela, men jag tr\u00f6ttnade och k\u00e4nde mig begr\u00e4nsad s\u00e5 jag s\u00e5lde dem ocks\u00e5. Den ena var en gammal -29 som jag bytte mot en gammal Martin. Jag har en 0018 som jag aldrig kommer att g\u00f6ra mig av med. Och en -46 som \u00e4r helt perfekt. Nu har jag emellertid bytt till att spela Dreadnoughts, har en D-18. Om jag spelar p\u00e5 den s\u00e5 \u00e4r det sv\u00e5rt att byta till en mindre., det funkar bara inte.&nbsp;<\/p>\n\n\n\n<p>Jag har ett par elektriska ocks\u00e5, en Telecaster och en Tobias Lindberg \u2013 en gitarr som jag heller aldrig kommer att g\u00f6ra mig av med. (Skrattar). Med elektriska har jag dock aldrig varit s\u00e5 kinkig&nbsp;&nbsp;men med akustiska \u00e4r det env helt annan sak.\u201d<\/p>\n\n\n\n<p>Not: Vi gl\u00f6mde att tala om hans mandolin-spelande, ett instrument som Svante hanterar alldeles utm\u00e4rkt.<\/p>\n\n\n\n<figure class=\"wp-block-embed is-type-video is-provider-youtube wp-block-embed-youtube wp-embed-aspect-16-9 wp-has-aspect-ratio\"><div class=\"wp-block-embed__wrapper\">\n<iframe loading=\"lazy\" title=\"Svante Sj\u00f6blom och Twang Trio i Hyltebruk\" width=\"640\" height=\"360\" src=\"https:\/\/www.youtube.com\/embed\/2jPrjHi0EdA?feature=oembed\" frameborder=\"0\" allow=\"accelerometer; autoplay; clipboard-write; encrypted-media; gyroscope; picture-in-picture; web-share\" referrerpolicy=\"strict-origin-when-cross-origin\" allowfullscreen><\/iframe>\n<\/div><\/figure>\n","protected":false},"excerpt":{"rendered":"<p>Av Johnny Petersen, \u201dA country boy in\u2026\u201d nej, inte New Orleans men Malm\u00f6, tvilling-stad till K\u00f6penhamn. 38-\u00e5rige Svante Sj\u00f6blom har varit v\u00e4ldigt popul\u00e4r, b\u00e5de i Sverige och i Danmark, ganska l\u00e4nge nu, \u00e4ven om han fortfarande betraktas som \u201dDen unge, tynde Svenskeren\u201d (Peter Nande) d\u00e4r \u2013 alltid fyllande upp konsert-lokalerna med trogna fans. Han betraktas&hellip; <a href=\"https:\/\/folksyblues.com\/?page_id=2096\" class=\"read-more\">Forts\u00e4tt l\u00e4sa Svante Sj\u00f6blom<\/a><\/p>\n","protected":false},"author":2,"featured_media":0,"parent":0,"menu_order":0,"comment_status":"closed","ping_status":"closed","template":"","meta":{"footnotes":""},"class_list":["post-2096","page","type-page","status-publish","hentry"],"_links":{"self":[{"href":"https:\/\/folksyblues.com\/index.php?rest_route=\/wp\/v2\/pages\/2096","targetHints":{"allow":["GET"]}}],"collection":[{"href":"https:\/\/folksyblues.com\/index.php?rest_route=\/wp\/v2\/pages"}],"about":[{"href":"https:\/\/folksyblues.com\/index.php?rest_route=\/wp\/v2\/types\/page"}],"author":[{"embeddable":true,"href":"https:\/\/folksyblues.com\/index.php?rest_route=\/wp\/v2\/users\/2"}],"replies":[{"embeddable":true,"href":"https:\/\/folksyblues.com\/index.php?rest_route=%2Fwp%2Fv2%2Fcomments&post=2096"}],"version-history":[{"count":3,"href":"https:\/\/folksyblues.com\/index.php?rest_route=\/wp\/v2\/pages\/2096\/revisions"}],"predecessor-version":[{"id":2131,"href":"https:\/\/folksyblues.com\/index.php?rest_route=\/wp\/v2\/pages\/2096\/revisions\/2131"}],"wp:attachment":[{"href":"https:\/\/folksyblues.com\/index.php?rest_route=%2Fwp%2Fv2%2Fmedia&parent=2096"}],"curies":[{"name":"wp","href":"https:\/\/api.w.org\/{rel}","templated":true}]}}