{"id":1243,"date":"2021-04-05T13:36:02","date_gmt":"2021-04-05T13:36:02","guid":{"rendered":"https:\/\/folksyblues.com\/?page_id=1243"},"modified":"2021-04-05T13:36:02","modified_gmt":"2021-04-05T13:36:02","slug":"jesper-theis-jorgensen","status":"publish","type":"page","link":"https:\/\/folksyblues.com\/?page_id=1243","title":{"rendered":"Jesper Theis J\u00f6rgensen"},"content":{"rendered":"\n<p>By Johnny Petersen<\/p>\n\n\n\n<p>Jesper Theis, born 1985 in \u00c5lborg, is another outstanding Danish acoustic blues artist. Currently living with his girlfriend in a small village outside Barcelona, Spain, he has found himself truly cut off from the music scene in Denmark and elsewhere, due to the prevalent Covid-19 pandemic. However, he is using his time as best as possible. On YouTube\/Facebook we have seen him perform over the distance with famous Mandolin player Bert Deivert in Sweden as well as playing alone. This last year he has also been busy with his second album, The Tide Will Turn, just released.&nbsp;&nbsp;To spend his time in a creative way waiting for restrictions being lifted, apart from writing new songs, he has begun a side career as a luthier, building acoustic guitars.<\/p>\n\n\n\n<p>When he was a child, 7-8 years old, he stayed every second week with his father. Soon after his parents divorced hist father pick out his old guitar from the closet and that caught Jeper\u2019s interest.&nbsp;&nbsp;They soon borrowed an electric guitar so they could play together. At the local library they found some Beatles Songbooks. The first Jesper learned was Day Tripper and he got more and more into it. So, he is grateful to his father for this kick start to a musical life.<\/p>\n\n\n\n<p>Later he began playing in a band and got himself an arsenal of electric guitars, amps and pedals. This lasted some years until he got a growing interest in acoustic music and that\u2019s the only thing he plays. When he should choose an education, it became school teacher and of course music teacher.<\/p>\n\n\n\n<p>Working as a school teacher he one day at age 32 realized that he just had to focus on his music so he quit his day job in favor of the unsecure life of a traveling musician. Theis sees himself as a Delta Blues player, although he writes a lot of his song himself only equipped with a resonator guitar and a slide. He does fancy adding sounds from other musical styles as gospel, jazz, country and even calypso. There\u2019s one song in particular that led him to the Delta style and that is Cocaine Blues with Rev. Gary Davis.&nbsp;<\/p>\n\n\n\n<p>So how is his music then? Well, it\u2019s real old timey soulful foot-stompin\u2019 acoustic blues! Jesper\u2019s raw and powerful voice, like vibrating sandpaper on your soul, opens up the last album. Leaves no one untouched. Underscored by Jarno Varsteds harmonica. Intervowen is a couple of soft sensible songs that gives the listener a chance to catch his breath.<\/p>\n\n\n\n<p>This is Jesper\u2019s second album and all are scores by himself. Jesper had the idea of recording the album the way the music sounds without any overdubs. Therefore, the whole album is recorded in one-takes with only one microphone with all the musicians around that one microphone, recording the songs together. As is usual the case in Denmark, the blues musicians help each other out, on stage as well as on albums.<\/p>\n\n\n\n<p>Prior to Covid-19 he was touring around Europe and Scandinavia, doing gigs with several other famous names such as The Mojo from Hungary, Tim Lothar from his own neighborhood, Peter Nande and Bert Deivert, just to mention a few. He hopes that he will be able to book gigs again this spring and has already an invitation to the 8-day Blues festival in Malm\u00f6, Sweden this summer.&nbsp;<\/p>\n\n\n\n<figure class=\"wp-block-embed is-type-video is-provider-youtube wp-block-embed-youtube wp-embed-aspect-16-9 wp-has-aspect-ratio\"><div class=\"wp-block-embed__wrapper\">\n<iframe loading=\"lazy\" title=\"Blue Eyed Jane by Jesper Theis\" width=\"640\" height=\"360\" src=\"https:\/\/www.youtube.com\/embed\/duPcXdgvIF4?feature=oembed\" frameborder=\"0\" allow=\"accelerometer; autoplay; clipboard-write; encrypted-media; gyroscope; picture-in-picture; web-share\" referrerpolicy=\"strict-origin-when-cross-origin\" allowfullscreen><\/iframe>\n<\/div><\/figure>\n\n\n\n<p>Theis &amp; Deivert Overseas Home recording:<\/p>\n\n\n\n<figure class=\"wp-block-embed is-type-video is-provider-youtube wp-block-embed-youtube wp-embed-aspect-16-9 wp-has-aspect-ratio\"><div class=\"wp-block-embed__wrapper\">\n<iframe loading=\"lazy\" title=\"Diving Duck - Theis &amp; Deivert - Overseas Home Recordings\" width=\"640\" height=\"360\" src=\"https:\/\/www.youtube.com\/embed\/Nmkd_0qZZ-g?feature=oembed\" frameborder=\"0\" allow=\"accelerometer; autoplay; clipboard-write; encrypted-media; gyroscope; picture-in-picture; web-share\" referrerpolicy=\"strict-origin-when-cross-origin\" allowfullscreen><\/iframe>\n<\/div><\/figure>\n","protected":false},"excerpt":{"rendered":"<p>By Johnny Petersen Jesper Theis, born 1985 in \u00c5lborg, is another outstanding Danish acoustic blues artist. Currently living with his girlfriend in a small village outside Barcelona, Spain, he has found himself truly cut off from the music scene in Denmark and elsewhere, due to the prevalent Covid-19 pandemic. However, he is using his time&hellip; <a href=\"https:\/\/folksyblues.com\/?page_id=1243\" class=\"read-more\">Forts\u00e4tt l\u00e4sa Jesper Theis J\u00f6rgensen<\/a><\/p>\n","protected":false},"author":2,"featured_media":0,"parent":0,"menu_order":0,"comment_status":"closed","ping_status":"closed","template":"","meta":{"footnotes":""},"class_list":["post-1243","page","type-page","status-publish","hentry"],"_links":{"self":[{"href":"https:\/\/folksyblues.com\/index.php?rest_route=\/wp\/v2\/pages\/1243","targetHints":{"allow":["GET"]}}],"collection":[{"href":"https:\/\/folksyblues.com\/index.php?rest_route=\/wp\/v2\/pages"}],"about":[{"href":"https:\/\/folksyblues.com\/index.php?rest_route=\/wp\/v2\/types\/page"}],"author":[{"embeddable":true,"href":"https:\/\/folksyblues.com\/index.php?rest_route=\/wp\/v2\/users\/2"}],"replies":[{"embeddable":true,"href":"https:\/\/folksyblues.com\/index.php?rest_route=%2Fwp%2Fv2%2Fcomments&post=1243"}],"version-history":[{"count":1,"href":"https:\/\/folksyblues.com\/index.php?rest_route=\/wp\/v2\/pages\/1243\/revisions"}],"predecessor-version":[{"id":1244,"href":"https:\/\/folksyblues.com\/index.php?rest_route=\/wp\/v2\/pages\/1243\/revisions\/1244"}],"wp:attachment":[{"href":"https:\/\/folksyblues.com\/index.php?rest_route=%2Fwp%2Fv2%2Fmedia&parent=1243"}],"curies":[{"name":"wp","href":"https:\/\/api.w.org\/{rel}","templated":true}]}}