{"id":93,"date":"2021-03-13T15:33:42","date_gmt":"2021-03-13T15:33:42","guid":{"rendered":"http:\/\/folksyblues.com\/?page_id=93"},"modified":"2021-03-13T15:33:42","modified_gmt":"2021-03-13T15:33:42","slug":"steve-grahn-2","status":"publish","type":"page","link":"http:\/\/folksyblues.com\/?page_id=93","title":{"rendered":"Steve Grahn"},"content":{"rendered":"\n<p>Bakgrund<\/p>\n\n\n\n<p>M\u00e5nga st\u00f6rre st\u00e4der I v\u00e4rlden har sin egna \u201dGrandfathers of the Blues\u201d, en person som yngre generationer st\u00f6djer sig mot och l\u00e4r sig fr\u00e5n. I K\u00f6penhamn var det tills alldeles nyligen Troels Jensen som tyv\u00e4rr gick bort i v\u00e5ras, just innan jag skulle \u00e5ka \u00f6ver och intervjua honom f\u00f6r Bulletinen.&nbsp;Corona-pandemin kom dock emellan.<\/p>\n\n\n\n<p>I Malm\u00f6 \u00e4r det Steve Grahn som \u00e4r \u201dden gamle\u201d. F\u00f6dd 1947 blev han tidigt en aktiv del av den lokala musikscenen och har varit det \u00e4nda sedan blues, pop och rock kom till Sverige. Vid nio \u00e5rs \u00e5lder lyssnade han p\u00e5 radion n\u00e4r de spelade musik av Bill Haley och Muddy Waters. Han blev genast hooked och \u00f6vertalade sin far att k\u00f6pa honom en gitarr. \u00c4nda fram till det nya millenniet har Steve varit engagerad i all slags musik f\u00f6r att \u00f6verleva. Under tjugo \u00e5r spelade han och v\u00e4nnen Lasse Bergrensson akustisk musik, mest blues och folk, p\u00e5 Centralens restaurang varje vecka. Ett antal skivor sl\u00e4pptes under denna tid med varierande upps\u00e4ttningar av medmusiker. Han hade till och med ett band med sin son Anders och dennes v\u00e4nner som de kallade Three Studs and a Stone.<\/p>\n\n\n\n<p>Malmoe-Copenhagen Blues Connexion<\/p>\n\n\n\n<p>Det Steve Grahn f\u00f6rmodligen mest kommer att bli ih\u00e5gkommen f\u00f6r \u00e4r nog att han 2001 bildade Malmoe-Copenhagen Blues Connexion. En f\u00f6rening som vi ju vet fortfarande \u00e5ngar p\u00e5 och som dominerar den lokala blues-scenen, fast under ny ledning d\u00e5 Steve vid sin pension l\u00e4mnade \u00f6ver rodret till Hans-Peter Nilsson. Varje sommar sedan dess har arrangerat en \u00e5tta-dagars blues-festival i det numera ber\u00f6mda Blues-T\u00e4ltet under Malm\u00f6-festivalen. D\u00e4r har b\u00e5de lokala artister s\u00e5v\u00e4l som artister fr\u00e5n Danmark, Storbritannien och USA spelat.<\/p>\n\n\n\n<p>Tony Joe White<\/p>\n\n\n\n<p>Steve var en god v\u00e4n till Tony Joe White. Deras v\u00e4nskap b\u00f6rjade f\u00f6r tjugo \u00e5r sedan n\u00e4r de tillf\u00e4lligtvis sl\u00e4ppte varsin CD samtidigt. Steve hade l\u00e4nge varit en stor beundrare av Tony Joe White och de hade sedan en tid haft SMS-kontakt. D\u00e5 de tyckte detta sammantr\u00e4ffande var kul s\u00e5 best\u00e4mde de sig f\u00f6r att tr\u00e4ffas n\u00e4sta g\u00e5ng Steve kom till USA. Efter det s\u00e5 har de spelat ett antal gig p\u00e5 samma st\u00e4llen. Steve minns fortfarande Tony Joe White med v\u00e4rme och spelar g\u00e4rna hans musik.<\/p>\n\n\n\n<p>Stroke<\/p>\n\n\n\n<p>2002 drabbades s\u00e5 Steve av en stroke. Detta gjorde honom of\u00f6rm\u00f6gen att spela. Han kunde helt enkelt inte komma ih\u00e5g ackorden och hade sv\u00e5rt att f\u00e5 fingrarna att lyda. Inte heller kunde han l\u00e4ngre minnas alla de texter han hade memorerat under s\u00e5 m\u00e5nga \u00e5r. Men, eftersom gitarrspel var det enda han kunde f\u00f6r att f\u00f6rs\u00f6rja sig s\u00e5 var det inget annat att g\u00f6ra \u00e4n att b\u00f6rja om fr\u00e5n b\u00f6rjan. Han k\u00e4mpade med att ta enkla ackord, som ett C, och det var \u00e4nnu sv\u00e5rare att t.ex. att g\u00e5 vidare till ett Bm. Kampen gav dock resultat och under 2003 p\u00e5b\u00f6rjade han inspelningen av sin f\u00f6rsta solo-CD, vilken sl\u00e4pptes 2004. Stroken hade f\u00e5tt honom att inse att han m\u00e5ste varva ner och nu fokuserade han p\u00e5 akustisk blues men fortfarande med den k\u00e4nsla av tr\u00e4sk-musik\/swamp-groove som har l\u00e4rt fr\u00e5n Tony Joe White. Vid n\u00e5got tillf\u00e4lle lade han till en stomp-board, en ljudbr\u00e4da att trampa takten p\u00e5, vilken har blivit n\u00e5got av hans signatur sedan dess.<\/p>\n\n\n\n<p>Duon och Trion<\/p>\n\n\n\n<p>N\u00e4r han under 2006 m\u00f6tte den unge och talangfulle Mattias Malm, gitarr och Dobro-spelare, klickade de direkt och de har lirat ihop som duo sedan dess. Emellan\u00e5t blir de en trio d\u00e5 tar de in den Danske munspelaren Thomas Melau. Duon sl\u00e4ppte sin f\u00f6rsta CD samma \u00e5r med en uppf\u00f6ljare 2010.<\/p>\n\n\n\n<p>The Blues Challenge<\/p>\n\n\n\n<p>Tillsammans med Matias Malm vann Steve 2009 utm\u00e4rkelsen Janne Rosenqvists Minnesfond vilket gav paret en biljett till Eutin i Tyskland och the European Blues Challenge. Detta gav dem i sin tur en biljett till Memphis och The International Blues Challenge 2010. En t\u00e4vling som tyv\u00e4rr blev en stor besvikelse f\u00f6r dem eftersom de blev diskade av den ene domaren. Orsaken var Steves det enkla faktum att Steve sedan stroken inte v\u00e5gar lita p\u00e5 sin f\u00f6rm\u00e5ga att minnas l\u00e5t-texterna och beh\u00f6ver sina anteckningar. Det visade sig att det inte var till\u00e5tet att ha notst\u00e4ll p\u00e5 scenen.<\/p>\n\n\n\n<p>Men, under veckan efter t\u00e4vlingen, efter att de flesta deltagarna hade l\u00e4mnat Memphis, s\u00e5 d\u00f6k alla de lokala gamla blues-originalen fram p\u00e5 gatorna och barerna och Steve och Mattias fick jamma och spela gig\u2019s med dem. Detta var det roligaste de hade gjort p\u00e5 l\u00e4nge och v\u00e4rt hela resan.<\/p>\n\n\n\n<p>Den Gyllene \u00c5ldern<\/p>\n\n\n\n<p>Steve har blivit 73 och nu i sin guld\u00e5lder har han p\u00e5b\u00f6rjat en ny extra karri\u00e4r som gitarr-fixare. Under n\u00e5gra \u00e5r hade han en b\u00e4nk i en av Malm\u00f6s musikaff\u00e4rer men numera huserar han i sitt tr\u00e4dg\u00e5rds-skjul i Bunkeflo utanf\u00f6r Malm\u00f6. Hans \u201dMan-Cave\u201d, d\u00e4r han \u00e4r omgiven av verktyg, gitarrer och f\u00f6rst\u00e4rkare. P.g.a. \u00e5lder och framf\u00f6rallt Corona-pandemin s\u00e5 turnerar Steve inte l\u00e4ngre men s\u00e5 fort han dyker upp med sin gitarr n\u00e5gonstans s\u00e5 visar publiken att han \u00e4r lika popul\u00e4r som n\u00e5gonsin tidigare.<\/p>\n\n\n\n<figure class=\"wp-block-image\"><img decoding=\"async\" src=\"https:\/\/www.stonedponycountryandblues.com\/wp-content\/uploads\/2020\/08\/OVwo2KOkSTe92KH31j35rg-1-1024x768.jpg\" alt=\"\" class=\"wp-image-1246\"\/><figcaption>Foto av Johnny Petersen<\/figcaption><\/figure>\n","protected":false},"excerpt":{"rendered":"<p>Bakgrund M\u00e5nga st\u00f6rre st\u00e4der I v\u00e4rlden har sin egna \u201dGrandfathers of the Blues\u201d, en person som yngre generationer st\u00f6djer sig mot och l\u00e4r sig fr\u00e5n. I K\u00f6penhamn var det tills alldeles nyligen Troels Jensen som tyv\u00e4rr gick bort i v\u00e5ras, just innan jag skulle \u00e5ka \u00f6ver och intervjua honom f\u00f6r Bulletinen.&nbsp;Corona-pandemin kom dock emellan. I&hellip; <a href=\"http:\/\/folksyblues.com\/?page_id=93\" class=\"read-more\">Forts\u00e4tt l\u00e4sa Steve Grahn<\/a><\/p>\n","protected":false},"author":2,"featured_media":0,"parent":0,"menu_order":0,"comment_status":"closed","ping_status":"closed","template":"","meta":{"footnotes":""},"class_list":["post-93","page","type-page","status-publish","hentry"],"_links":{"self":[{"href":"http:\/\/folksyblues.com\/index.php?rest_route=\/wp\/v2\/pages\/93","targetHints":{"allow":["GET"]}}],"collection":[{"href":"http:\/\/folksyblues.com\/index.php?rest_route=\/wp\/v2\/pages"}],"about":[{"href":"http:\/\/folksyblues.com\/index.php?rest_route=\/wp\/v2\/types\/page"}],"author":[{"embeddable":true,"href":"http:\/\/folksyblues.com\/index.php?rest_route=\/wp\/v2\/users\/2"}],"replies":[{"embeddable":true,"href":"http:\/\/folksyblues.com\/index.php?rest_route=%2Fwp%2Fv2%2Fcomments&post=93"}],"version-history":[{"count":1,"href":"http:\/\/folksyblues.com\/index.php?rest_route=\/wp\/v2\/pages\/93\/revisions"}],"predecessor-version":[{"id":95,"href":"http:\/\/folksyblues.com\/index.php?rest_route=\/wp\/v2\/pages\/93\/revisions\/95"}],"wp:attachment":[{"href":"http:\/\/folksyblues.com\/index.php?rest_route=%2Fwp%2Fv2%2Fmedia&parent=93"}],"curies":[{"name":"wp","href":"https:\/\/api.w.org\/{rel}","templated":true}]}}