{"id":83,"date":"2021-03-13T15:26:39","date_gmt":"2021-03-13T15:26:39","guid":{"rendered":"http:\/\/folksyblues.com\/?page_id=83"},"modified":"2021-03-13T15:27:07","modified_gmt":"2021-03-13T15:27:07","slug":"tim-lothar","status":"publish","type":"page","link":"http:\/\/folksyblues.com\/?page_id=83","title":{"rendered":"Tim Lothar"},"content":{"rendered":"\n<p><strong>Av Johnny Petersen<\/strong><\/p>\n\n\n\n<p>Jag fick tillf\u00e4lle till ett m\u00f6te med Tim Lothar i samband med en spelning i Lund i november. Han hade v\u00e4lvilligt erbjudit sig att visa mig lite gitarrtricks och det blev ocks\u00e5 tid \u00f6ver att prata lite allm\u00e4nt.<\/p>\n\n\n\n<p>Tim Lothar \u00e4r den etablerade rocktrummisen som en dag efter 25 \u00e5r reste sig fr\u00e5n trumsetet, k\u00f6pte sig en gammal gitarr och b\u00f6rjade lira akustisk rootsblues. Bara s\u00e5 d\u00e4r. Jag undrade om han inte hade l\u00e4rt sig spela lite gitarr n\u00e4r han var yngre, men nej, hans enda erfarenhet av gitarr var n\u00e4r han var 17 \u00e5r, ber\u00e4ttade han. D\u00e5 hittade han en elgitarr i en container, tog hem den och \u00f6ste n\u00e5gra enkla ackord p\u00e5 den. N\u00e4r sedan en str\u00e4ng gick s\u00f6nder sl\u00e4ngde han den igen.&nbsp;<\/p>\n\n\n\n<p>Det var f\u00f6rst flera \u00e5r senare, n\u00e4r en bekant bj\u00f6d hem honom f\u00f6r att lyssna n\u00e4r han spelade rootsblues som n\u00e5got slumrande v\u00e4cktes i honom \u2013 han k\u00e4nde att det \u00e4r ju&nbsp;<em>detta<\/em>&nbsp;jag vill g\u00f6ra. Det \u00e4r nu 13 \u00e5r och fem CD\u2019s sedan. Idag turnerar han med sin musik \u00f6ver hela Europa.&nbsp;<\/p>\n\n\n\n<p>Redan 2008 blev han utn\u00e4mnd till \u2019\u00e5rets danska bluesnamn\u2019 och \u00e5ret efter fick han utm\u00e4rkelsen \u2019b\u00e4sta danska bluesutg\u00e5va\u2019 f\u00f6r CDn \u2018In It For The Ride\u2019.&nbsp;<\/p>\n\n\n\n<p>Han har utvecklats fr\u00e5n att spela covers av de gamla 20- och 30-talshj\u00e4ltarna till att skriva och framf\u00f6ra sin egen musik. Hans l\u00e5tar \u00e4r alltid ber\u00e4ttande historier fr\u00e5n hans eget liv.&nbsp;<\/p>\n\n\n\n<p>P\u00e5 scen anv\u00e4nder han tv\u00e5 gitarrer; en enkel 60-tals Dobro Resophonic i bucklig pl\u00e5t och en v\u00e4lanv\u00e4nd Gibson L1 fr\u00e5n 70-talet, men de l\u00e5ter fantastiskt tillsammans med hans sj\u00e4lfulla r\u00f6st!<\/p>\n\n\n\n<p>P\u00e5 scenen b\u00e4r han alltid en Stetson-keps p\u00e5 huvudet och han \u00e4r intensiv och personlig d\u00e5 han ber\u00e4ttar historier om sitt liv som han sedan utvecklar i sina s\u00e5nger. En specialitet som p\u00e5minner oss om hans bakgrund som trummis \u00e4r att han oftast stampar takten med h\u00f6gerfoten ovanp\u00e5 sitt gitarrfodral under vilket han har lagt en mikrofon. Jo, han stampar \u00e4ven med den andra i golvet, van som han \u00e4r vid b\u00e5de bastrumma och hi-hat.<\/p>\n\n\n\n<p>Ibland dyker han upp p\u00e5 \u00c5m\u00e5l\u2019s Bluesfest men tyv\u00e4rr \u00e4r det v\u00e4ldigt s\u00e4llan han har spelningar i Sverige. Jag h\u00e5ller tummarna att MCBC \u00e5ter lyckas boka in honom till t\u00e4ltet en dag!<\/p>\n\n\n\n<p>Diskografi&nbsp;<\/p>\n\n\n\n<p>Cut To The Bone (2006)<\/p>\n\n\n\n<p>In It For The Ride (2008)<\/p>\n\n\n\n<p>Two For The Road (2009) med Peter Nande p\u00e5 munspel<\/p>\n\n\n\n<p>Stories (2012)<\/p>\n\n\n\n<p>Blues From The North (2013) med Holger \u2019Hobo\u2019 Daub p\u00e5 munspel&nbsp;<\/p>\n\n\n\n<p>\u2026och, nu \u00e4r \u00e4nnu en skiva p\u00e5 g\u00e5ng!<\/p>\n\n\n\n<p>Tim Lothar medverkar dessutom i \u2019Blues Jamboree\u2019 p\u00e5 deras tv\u00e5 live-CD\u2019s \u2019Grab A Root And Growl\u2019.&nbsp;<\/p>\n\n\n\n<figure class=\"wp-block-image\"><img decoding=\"async\" src=\"https:\/\/www.straightshooter.dk\/wp-content\/uploads\/2020\/12\/DSC_7586-1-scaled.jpg\" alt=\"DSC_7586 (1)\"\/><\/figure>\n","protected":false},"excerpt":{"rendered":"<p>Av Johnny Petersen Jag fick tillf\u00e4lle till ett m\u00f6te med Tim Lothar i samband med en spelning i Lund i november. Han hade v\u00e4lvilligt erbjudit sig att visa mig lite gitarrtricks och det blev ocks\u00e5 tid \u00f6ver att prata lite allm\u00e4nt. Tim Lothar \u00e4r den etablerade rocktrummisen som en dag efter 25 \u00e5r reste sig&hellip; <a href=\"http:\/\/folksyblues.com\/?page_id=83\" class=\"read-more\">Forts\u00e4tt l\u00e4sa Tim Lothar<\/a><\/p>\n","protected":false},"author":2,"featured_media":0,"parent":0,"menu_order":0,"comment_status":"closed","ping_status":"closed","template":"","meta":{"footnotes":""},"class_list":["post-83","page","type-page","status-publish","hentry"],"_links":{"self":[{"href":"http:\/\/folksyblues.com\/index.php?rest_route=\/wp\/v2\/pages\/83","targetHints":{"allow":["GET"]}}],"collection":[{"href":"http:\/\/folksyblues.com\/index.php?rest_route=\/wp\/v2\/pages"}],"about":[{"href":"http:\/\/folksyblues.com\/index.php?rest_route=\/wp\/v2\/types\/page"}],"author":[{"embeddable":true,"href":"http:\/\/folksyblues.com\/index.php?rest_route=\/wp\/v2\/users\/2"}],"replies":[{"embeddable":true,"href":"http:\/\/folksyblues.com\/index.php?rest_route=%2Fwp%2Fv2%2Fcomments&post=83"}],"version-history":[{"count":2,"href":"http:\/\/folksyblues.com\/index.php?rest_route=\/wp\/v2\/pages\/83\/revisions"}],"predecessor-version":[{"id":86,"href":"http:\/\/folksyblues.com\/index.php?rest_route=\/wp\/v2\/pages\/83\/revisions\/86"}],"wp:attachment":[{"href":"http:\/\/folksyblues.com\/index.php?rest_route=%2Fwp%2Fv2%2Fmedia&parent=83"}],"curies":[{"name":"wp","href":"https:\/\/api.w.org\/{rel}","templated":true}]}}