{"id":62,"date":"2021-03-13T06:09:14","date_gmt":"2021-03-13T06:09:14","guid":{"rendered":"http:\/\/folksyblues.com\/?page_id=62"},"modified":"2021-03-13T06:10:01","modified_gmt":"2021-03-13T06:10:01","slug":"peter-nande-2","status":"publish","type":"page","link":"http:\/\/folksyblues.com\/?page_id=62","title":{"rendered":"Peter Nande"},"content":{"rendered":"\n<p><strong>Peter Nande: The Man In The Middle&nbsp;<\/strong><\/p>\n\n\n\n<p>Av Johnny Petersen (2017)<\/p>\n\n\n\n<p>N\u00e4r man l\u00e4r k\u00e4nna den danska bluesscenen \u00e4r det om\u00f6jligt att missa Peter Nande. Han dyker upp lite \u00f6verallt. Det \u00e4r en man med m\u00e5nga j\u00e4rn i elden och har blivit lite av en fixare i de danska blueskretsarna.&nbsp;&nbsp;<\/p>\n\n\n\n<p>Det b\u00f6rjade redan i ton\u00e5ren med ett munspel. Han l\u00e5nade b\u00f6cker om Sonny Boy Williamson och Sonny Terry och f\u00f6rs\u00f6kte f\u00f6rtvivlat f\u00e5 ljud i sitt munspel men det tog flera \u00e5r att f\u00f6rst\u00e5 hur man skulle g\u00f6ra. Till slut ins\u00e5g han att han beh\u00f6vde b\u00e4ttre f\u00f6rebilder och som 20-\u00e5ring flyttade han d\u00e4rf\u00f6r till K\u00f6penhamn f\u00f6r att l\u00e4ra sig mer om blues. Och d\u00e4r har han varit nu i 28 \u00e5r.<\/p>\n\n\n\n<p>Vid sidan om sitt jobb som ingenj\u00f6r har han hunnit med att turnera med eget band, medverkat p\u00e5 ett 10-tal skivor och jammat med de flesta p\u00e5 den danska scenen. Redan 2007 blev han utn\u00e4mnd till \u2019\u00e5rets bluesartist\u2019 av Copenhagen Blues Festival och med&nbsp;&nbsp;\u00e5ren har han utvecklats till att bli mycket mer \u00e4n bara en enskild musiker. Idag \u00e4r han \u00e4ven l\u00e5tskrivare, bokare och skivproducent.&nbsp;&nbsp;<\/p>\n\n\n\n<p>Genom sitt engagemang har han lyckats samla ett g\u00e4ng musiker och band runt sig som Tim Lothar, Svante Sj\u00f6blom och Big Creek Slim, \u00e5t vilka han g\u00f6r promotion, ordnar spelningar och spelar in skivor.&nbsp;&nbsp;Han erk\u00e4nner att det blir lite mycket ibland. Ibland \u00e4r han s\u00e5 upptagen med att lyfta fram andra artister att han gl\u00f6mmer sig sj\u00e4lv.<\/p>\n\n\n\n<p>Men han har samtidigt anledning att vara lite stolt. Senaste CDn han producerade var med Big Creek Slim och den blev utsedd till \u2019\u00e5rets danska bluesutg\u00e5va\u2019&nbsp;&nbsp;och fick ocks\u00e5 topprecensioner i utlandet. Just nu producerar han tv\u00e5 album med veteranen Truls Jensen och bluesdrottningen Miriam Mandipira.&nbsp;<\/p>\n\n\n\n<p>Hans eget projekt, Blues Jamboree, v\u00e4xte naturligt fram genom hans kontaktn\u00e4t. Det \u00e4r en l\u00f6st sammansatt grupp med upp till tio medlemmar och fungerar som en familj, alla deltar p\u00e5 lika villkor och alla bidrar med n\u00e5got, som bokningar, \u00f6vernattningar, transporter eller utrustning. Gruppen har ett stort \u00e5ldersspann. Pianisten och gitaristen Truls Jensen \u00e4r 70 \u00e5r och de andra varierar i \u00e5lder ner till 33 \u00e5r. Peter Nande gillar att de kan ha roligt och l\u00e4ra av varandra oavsett \u00e5lder. \u00c5ldersmannen Hugo Rasmusen var tidigare ocks\u00e5 med men gick ju tyv\u00e4rr bort f\u00f6r ett drygt \u00e5r sedan, 75 \u00e5r gammal.<\/p>\n\n\n\n<p>F\u00f6r att utveckla sitt eget musicerande och l\u00e5tskrivande har han gjort ett antal studiebes\u00f6k p\u00e5 andra sidan Atlanten. D\u00e4r samarbetar han med n\u00e5gra musiker i Californien och ett antal skivor finns inspelade d\u00e4rifr\u00e5n. Bland de intressanta projekten de arbetat med \u00e4r riktigt gamla f\u00f6rst\u00e4rkare och mikrofoner och den kunskapen har han burit med sig hem.&nbsp;<\/p>\n\n\n\n<p>Men hans fascination finns inte bara hos gamla f\u00f6rst\u00e4rkare. Ibland har han leksaksdjur med sig p\u00e5 scenen och jag var tvungen att fr\u00e5gade var han f\u00e5tt de id\u00e9erna ifr\u00e5n? Nande f\u00f6rklarar att det b\u00f6rjade med att han hittade en plastkyckling som l\u00e4t kul och n\u00e4r han sedan fick en plastgris av kollegorna s\u00e5 fick han skapa ett litet sk\u00e4mt om kycklingen och grisen. Det blev till ett solonummer.&nbsp;&nbsp;Nu har publiken b\u00f6rjat fr\u00e5ga efter grisen s\u00e5 den har blivit ett slags image.&nbsp;<\/p>\n\n\n\n<p>En g\u00e5s figurerar ocks\u00e5 p\u00e5 spelningarna. Den har blivit en maskot f\u00f6r Blues Jamboree och Nande menar att den symboliserar hur bandet fungerar \u2013 n\u00e4r g\u00e4ss flyger finns det alltid en ledarg\u00e5s som flyger l\u00e4ngst fram och de andra glider p\u00e5 luftstr\u00f6mmen fr\u00e5n dess vingar. Efter ett tag byter de plats och p\u00e5 det s\u00e4ttet hj\u00e4lps man \u00e5t att dra lasset! G\u00e5sfilosofi som blir till bluesmusik!<\/p>\n\n\n\n<p>\u00c4ven om det inneb\u00e4r mycket arbete och samordning s\u00e5 \u00e4r Nande glad f\u00f6r att han inte, som s\u00e5 m\u00e5nga andra, har lagt munspelet p\u00e5 hyllan p\u00e5 grund av familj och yrkeskarri\u00e4r.&nbsp;&nbsp;Det \u00e4r nog m\u00e5nga andra som \u00e4r glada f\u00f6r det ocks\u00e5.&nbsp;<\/p>\n\n\n\n<p>Bild(?)Det \u00e4r en man med humor och ibland dyker \u00e4ven en tv\u00e4ttbalje-bas upp.<\/p>\n\n\n\n<p>Skivor:<\/p>\n\n\n\n<p>NANDE &amp; THE BIG DIFFERENCE \u2013 2000<\/p>\n\n\n\n<p>BIG BOY&nbsp;BOOGIE California Sessions Vol. I \u2013 2006<\/p>\n\n\n\n<p>JELLY BEAN BABY&nbsp;California Sessions Vol. II \u2013 2009<\/p>\n\n\n\n<p>Rootin\u2019 Around California Sessions Vol.&nbsp;III \u2013 2015<\/p>\n\n\n\n<p>Samt tv\u00e5 skivor med Blues Jamboree 2014, tv\u00e5 med Big Creek Slim 2015 och 2016 samt en med Tim Lothar 2016.<\/p>\n\n\n\n<ul class=\"wp-block-list\"><li>RUTA: Den som vill bekanta sig med gruppen kan ladda ner fem avsnitt av en TV-konsert fr\u00e5n 2014 p\u00e5&nbsp;<a href=\"https:\/\/youtu.be\/9CM-gX3UJ50\">https:\/\/youtu.be\/9CM-gX3UJ50<\/a>.<\/li><\/ul>\n\n\n\n<p>Uppdatering:<\/p>\n\n\n\n<p>Nande har sedan detta skrev g\u00e5tt vidare med nya projekt, framf\u00f6r allt \u201dThe Cornbread Project\u201d, en id\u00e9 om att modernisera countrybluesen uttryck, tillsammans med basisten Laust Krudtmeyer Nielsen. Detta har resulterat i CD\u2019n \u201dCatawampus\u201d 2019.<\/p>\n\n\n\n<figure class=\"wp-block-image\"><img decoding=\"async\" src=\"https:\/\/www.stonedponycountryandblues.com\/wp-content\/uploads\/2020\/04\/33774201474_64a2dfde46_o-1024x684.jpg\" alt=\"\" class=\"wp-image-1103\"\/><\/figure>\n","protected":false},"excerpt":{"rendered":"<p>Peter Nande: The Man In The Middle&nbsp; Av Johnny Petersen (2017) N\u00e4r man l\u00e4r k\u00e4nna den danska bluesscenen \u00e4r det om\u00f6jligt att missa Peter Nande. Han dyker upp lite \u00f6verallt. Det \u00e4r en man med m\u00e5nga j\u00e4rn i elden och har blivit lite av en fixare i de danska blueskretsarna.&nbsp;&nbsp; Det b\u00f6rjade redan i ton\u00e5ren&hellip; <a href=\"http:\/\/folksyblues.com\/?page_id=62\" class=\"read-more\">Forts\u00e4tt l\u00e4sa Peter Nande<\/a><\/p>\n","protected":false},"author":2,"featured_media":0,"parent":0,"menu_order":0,"comment_status":"closed","ping_status":"closed","template":"","meta":{"footnotes":""},"class_list":["post-62","page","type-page","status-publish","hentry"],"_links":{"self":[{"href":"http:\/\/folksyblues.com\/index.php?rest_route=\/wp\/v2\/pages\/62","targetHints":{"allow":["GET"]}}],"collection":[{"href":"http:\/\/folksyblues.com\/index.php?rest_route=\/wp\/v2\/pages"}],"about":[{"href":"http:\/\/folksyblues.com\/index.php?rest_route=\/wp\/v2\/types\/page"}],"author":[{"embeddable":true,"href":"http:\/\/folksyblues.com\/index.php?rest_route=\/wp\/v2\/users\/2"}],"replies":[{"embeddable":true,"href":"http:\/\/folksyblues.com\/index.php?rest_route=%2Fwp%2Fv2%2Fcomments&post=62"}],"version-history":[{"count":2,"href":"http:\/\/folksyblues.com\/index.php?rest_route=\/wp\/v2\/pages\/62\/revisions"}],"predecessor-version":[{"id":65,"href":"http:\/\/folksyblues.com\/index.php?rest_route=\/wp\/v2\/pages\/62\/revisions\/65"}],"wp:attachment":[{"href":"http:\/\/folksyblues.com\/index.php?rest_route=%2Fwp%2Fv2%2Fmedia&parent=62"}],"curies":[{"name":"wp","href":"https:\/\/api.w.org\/{rel}","templated":true}]}}