{"id":120,"date":"2021-03-13T16:04:43","date_gmt":"2021-03-13T16:04:43","guid":{"rendered":"http:\/\/folksyblues.com\/?page_id=120"},"modified":"2021-03-13T16:06:14","modified_gmt":"2021-03-13T16:06:14","slug":"out-of-the-blues","status":"publish","type":"page","link":"http:\/\/folksyblues.com\/?page_id=120","title":{"rendered":"Out Of The Blues &#8211; Brian Kramer (Bok)"},"content":{"rendered":"\n<p><strong>Bokrecension<\/strong><\/p>\n\n\n\n<p><strong>Brian D. Kramer\u2019s \u201dOut Of The Blues\u201d&nbsp;<\/strong><\/p>\n\n\n\n<p>av Johnny Petersen<\/p>\n\n\n\n<p>V\u00e5r gode v\u00e4n Brian Kramer har under m\u00e5nga \u00e5r varit en levande del av Stockholms bluesscen. Numera finner vi honom ocks\u00e5 i Dalarna.<\/p>\n\n\n\n<p>2013 kom Kramer ut med sin lilla men intressanta bok Out Of The Blues, en sj\u00e4lvbiografisk historia om hans alter ego Ryan Palmer och dennes spirande musikresa i New York, med fokus p\u00e5 Brooklyn d\u00e4r han v\u00e4xte upp. Boken slutar med en resa till Stockholm d\u00e4r han bes\u00f6ker Stampen och det bluesjam (d\u00e5 hans eget<a href=\"applewebdata:\/\/836D2A2F-E0DE-4000-BF65-7F2321D5C9B5#_ftn1\">[1]<\/a>) som p\u00e5g\u00e5r d\u00e4r p\u00e5 l\u00f6rdagarna sedan m\u00e5nga \u00e5r.<\/p>\n\n\n\n<p>L\u00e4saren f\u00e5r en sp\u00e4nnande inblick i New Yorks musikscen under 90 talet och b\u00f6rjan av 2000-talet och beskriver m\u00e5lande de sv\u00e5righeter \u2013 och gl\u00e4djestunder \u2013 som en ung upcoming musiker m\u00f6ter i sin vardag i kontakt med arrang\u00f6rer och skivproducenter. Vi m\u00f6ter ocks\u00e5 m\u00e5nga k\u00e4nda namn som Kramer med sitt band Driving Wheel \u00f6ppnade f\u00f6r p\u00e5 deras konserter. Kramer skriver bitvis ganska humoristiskt, t ex i historien om sin och v\u00e4nnen Chris liftarresa till New Orleans f\u00f6r att leta efter bluesen och deras m\u00f6te med bluesmannen Frankie Lee Jackson.<\/p>\n\n\n\n<p>Out Of The Blues \u00e4r liten bok som \u00e4r v\u00e4l v\u00e4rd att l\u00e4sa och inkludera i ens bluesbibliotek. Det finns \u00e4ven en CD \u201dFull Circle\u201d d\u00e4r texterna refererar till de olika kapitlen i boken. CD\u2019n kan best\u00e4llas fr\u00e5n&nbsp;<a href=\"http:\/\/www.kramerblues.com\/\">www.kramerblues.com<\/a>och boken genom att kontakta Kramer via hemsidan.<\/p>\n\n\n\n<p><a href=\"applewebdata:\/\/836D2A2F-E0DE-4000-BF65-7F2321D5C9B5#_ftnref1\">[1]<\/a>Brian Kramers bluesjam \u00e4r numera p\u00e5 Engelen, ett stenkast fr\u00e5n Stampen.<\/p>\n\n\n\n<figure class=\"wp-block-image\"><img decoding=\"async\" src=\"https:\/\/www.ordochbok.se\/media\/catalog\/product\/s\/m\/smallimage_1017854_201507221306_1_1_1_1_1_1_1_1.jpg\" alt=\"K\u00f6p Out Of The Blues, E-bok - - Ordochbok.se\"\/><\/figure>\n","protected":false},"excerpt":{"rendered":"<p>Bokrecension Brian D. Kramer\u2019s \u201dOut Of The Blues\u201d&nbsp; av Johnny Petersen V\u00e5r gode v\u00e4n Brian Kramer har under m\u00e5nga \u00e5r varit en levande del av Stockholms bluesscen. Numera finner vi honom ocks\u00e5 i Dalarna. 2013 kom Kramer ut med sin lilla men intressanta bok Out Of The Blues, en sj\u00e4lvbiografisk historia om hans alter ego&hellip; <a href=\"http:\/\/folksyblues.com\/?page_id=120\" class=\"read-more\">Forts\u00e4tt l\u00e4sa Out Of The Blues &#8211; Brian Kramer (Bok)<\/a><\/p>\n","protected":false},"author":2,"featured_media":0,"parent":0,"menu_order":0,"comment_status":"closed","ping_status":"closed","template":"","meta":{"footnotes":""},"class_list":["post-120","page","type-page","status-publish","hentry"],"_links":{"self":[{"href":"http:\/\/folksyblues.com\/index.php?rest_route=\/wp\/v2\/pages\/120","targetHints":{"allow":["GET"]}}],"collection":[{"href":"http:\/\/folksyblues.com\/index.php?rest_route=\/wp\/v2\/pages"}],"about":[{"href":"http:\/\/folksyblues.com\/index.php?rest_route=\/wp\/v2\/types\/page"}],"author":[{"embeddable":true,"href":"http:\/\/folksyblues.com\/index.php?rest_route=\/wp\/v2\/users\/2"}],"replies":[{"embeddable":true,"href":"http:\/\/folksyblues.com\/index.php?rest_route=%2Fwp%2Fv2%2Fcomments&post=120"}],"version-history":[{"count":2,"href":"http:\/\/folksyblues.com\/index.php?rest_route=\/wp\/v2\/pages\/120\/revisions"}],"predecessor-version":[{"id":123,"href":"http:\/\/folksyblues.com\/index.php?rest_route=\/wp\/v2\/pages\/120\/revisions\/123"}],"wp:attachment":[{"href":"http:\/\/folksyblues.com\/index.php?rest_route=%2Fwp%2Fv2%2Fmedia&parent=120"}],"curies":[{"name":"wp","href":"https:\/\/api.w.org\/{rel}","templated":true}]}}