{"id":116,"date":"2021-03-13T16:01:09","date_gmt":"2021-03-13T16:01:09","guid":{"rendered":"http:\/\/folksyblues.com\/?page_id=116"},"modified":"2021-03-13T16:01:09","modified_gmt":"2021-03-13T16:01:09","slug":"robert-johnson-ii","status":"publish","type":"page","link":"http:\/\/folksyblues.com\/?page_id=116","title":{"rendered":"Robert Johnson II"},"content":{"rendered":"\n<p>Johnny Petersen<\/p>\n\n\n\n<p>I artikeln om Bluesens Historia III skrev jag om fenomenet \u2019Moans\u2019, melodiska gnyenden eller grymtanden. Vid inspelningen av \u2019Love In Vain\u2019, anv\u00e4nde sig Johnson av denna tradition som en extra vers f\u00f6r att uttrycka sin f\u00f6rtvivlan \u00f6ver flickv\u00e4nnens avresa. \u2019Love In Vain\u2019 anses av m\u00e5nga vara Johnsons vackraste och vemodigaste ballad. L\u00e5ten kan ses som den romantiska uppf\u00f6ljaren till \u2019Honeymoon Blues\u2019, hans enda komposition med positivt inneh\u00e5ll och d\u00e4r han f\u00f6r ovanlighetens skull hyllar \u00e4ktenskapet vilket st\u00e5r i skarp kontrast till hans eget liv som luffare och kvinnokarl. I \u2019Love In Vain\u2019 portr\u00e4tterar han en man som tar avsked av sin kvinna. Bilden \u00e4r enkel men tydligt uttryckt; resv\u00e4skan han b\u00e4r \u00e5t henne, s\u00e4ttet p\u00e5 vilket han ser henne i \u00f6gonen n\u00e4r t\u00e5get rullar in och slutligen hur han uppfattar t\u00e5get n\u00e4r det rullar iv\u00e4g, tv\u00e5 ljus fr\u00e5n \u00e4nden p\u00e5 t\u00e5gets aktersalong. Det \u00e4r f\u00f6rst d\u00e5 han anv\u00e4nder en metafor, j\u00e4mf\u00f6rande det bl\u00e5 ljuset till hans blues och det r\u00f6da till hans sinne. Denna metafor l\u00e5nade han fr\u00e5n den elva \u00e5r \u00e4ldre \u2019Dry Southern Blues\u2019 av Lemon Jefferson, som f\u00f6rmodligen ocks\u00e5 inspirerade honom till att \u2019moana\u2019 i sista versen.<\/p>\n\n\n\n<p>En annan inspiration till l\u00e5ten var den oerh\u00f6rt popul\u00e4ra \u2019When The Sun goes Down\u2019 med Leroy Carr, fr\u00e5n vilken han l\u00e5nade l\u00e5tstrukturen. \u2019Love In Vain\u2019 \u00e4r dock ett absolut m\u00e4sterstycke som Johnson skapade f\u00f6r att matcha Carrs\u2019 hitl\u00e5t och blev f\u00f6r Johnson den ok\u00e4nde lantisens triumf j\u00e4mf\u00f6rd med den sofistikerade storstadartisten Leroy Carr.<\/p>\n\n\n\n<p>\u2019Love In Vain\u2019 har sedan kopierats av otaliga blues-artister, den mest k\u00e4nda covern \u00e4r f\u00f6rmodligen Rolling Stones p\u00e5 LP:n \u2019Let It Bleed\u2019 fr\u00e5n 1969 men n\u00e5got omarrangerad och f\u00f6renklad av Mick Jagger.<\/p>\n\n\n\n<div class=\"wp-block-image\"><figure class=\"aligncenter size-large\"><img loading=\"lazy\" decoding=\"async\" width=\"290\" height=\"174\" src=\"http:\/\/folksyblues.com\/wp-content\/uploads\/2021\/03\/image.jpeg\" alt=\"Robert Johnson' photo does not show the blues legend, music experts say |  Blues | The Guardian\" class=\"wp-image-117\"\/><\/figure><\/div>\n","protected":false},"excerpt":{"rendered":"<p>Johnny Petersen I artikeln om Bluesens Historia III skrev jag om fenomenet \u2019Moans\u2019, melodiska gnyenden eller grymtanden. Vid inspelningen av \u2019Love In Vain\u2019, anv\u00e4nde sig Johnson av denna tradition som en extra vers f\u00f6r att uttrycka sin f\u00f6rtvivlan \u00f6ver flickv\u00e4nnens avresa. \u2019Love In Vain\u2019 anses av m\u00e5nga vara Johnsons vackraste och vemodigaste ballad. L\u00e5ten kan&hellip; <a href=\"http:\/\/folksyblues.com\/?page_id=116\" class=\"read-more\">Forts\u00e4tt l\u00e4sa Robert Johnson II<\/a><\/p>\n","protected":false},"author":2,"featured_media":0,"parent":0,"menu_order":0,"comment_status":"closed","ping_status":"closed","template":"","meta":{"footnotes":""},"class_list":["post-116","page","type-page","status-publish","hentry"],"_links":{"self":[{"href":"http:\/\/folksyblues.com\/index.php?rest_route=\/wp\/v2\/pages\/116","targetHints":{"allow":["GET"]}}],"collection":[{"href":"http:\/\/folksyblues.com\/index.php?rest_route=\/wp\/v2\/pages"}],"about":[{"href":"http:\/\/folksyblues.com\/index.php?rest_route=\/wp\/v2\/types\/page"}],"author":[{"embeddable":true,"href":"http:\/\/folksyblues.com\/index.php?rest_route=\/wp\/v2\/users\/2"}],"replies":[{"embeddable":true,"href":"http:\/\/folksyblues.com\/index.php?rest_route=%2Fwp%2Fv2%2Fcomments&post=116"}],"version-history":[{"count":1,"href":"http:\/\/folksyblues.com\/index.php?rest_route=\/wp\/v2\/pages\/116\/revisions"}],"predecessor-version":[{"id":119,"href":"http:\/\/folksyblues.com\/index.php?rest_route=\/wp\/v2\/pages\/116\/revisions\/119"}],"wp:attachment":[{"href":"http:\/\/folksyblues.com\/index.php?rest_route=%2Fwp%2Fv2%2Fmedia&parent=116"}],"curies":[{"name":"wp","href":"https:\/\/api.w.org\/{rel}","templated":true}]}}