{"id":107,"date":"2021-03-13T15:53:47","date_gmt":"2021-03-13T15:53:47","guid":{"rendered":"http:\/\/folksyblues.com\/?page_id=107"},"modified":"2021-03-13T15:53:47","modified_gmt":"2021-03-13T15:53:47","slug":"bluesens-historia-del-iii","status":"publish","type":"page","link":"http:\/\/folksyblues.com\/?page_id=107","title":{"rendered":"Bluesens historia del III"},"content":{"rendered":"\n<p><em>Av Johnny Petersen<\/em><\/p>\n\n\n\n<p><strong>Field Hollers, att hojta p\u00e5 f\u00e4lten.<\/strong><\/p>\n\n\n\n<p>Afrikansk musik f\u00f6rknippas ofta med trummor och ringdans men till vardags var den f\u00f6rekommande musikformen herdens \u2019hojtande\u2019, dvs hans r\u00f6st som steg och sj\u00f6nk, ibland med ord men ofta bara ett hummande medan vaktade sin hjord och ingav dem en trygg k\u00e4nsla mot rovdjur, samtidigt som han sj\u00e4lv f\u00f6rdrev de l\u00e5nga ensamma timmarna ensam bland sin boskap, rovdjur och andar. Denna tradition f\u00f6ljde med till USA och anv\u00e4ndes vid ensamarbete p\u00e5 de o\u00e4ndliga f\u00e4lten, delvis f\u00f6r att l\u00e5ta de andra veta var man befann sig, dels f\u00f6r att underh\u00e5lla sig sj\u00e4lv<\/p>\n\n\n\n<p>. S\u00e5dana Field Hollers, eller Moans, finns beskrivna s\u00e5 l\u00e5ngt tillbaka som 1853. Ett sentida exempel p\u00e5 Youtube \u00e4r \u201dArwhoolie\u201d. Den f\u00f6rsta inspelningen gjordes av Alan Lomax 1947 p\u00e5 Parchman Farm med den gamle \u201dTangle Eye\u201d.<\/p>\n\n\n\n<p>Moans ligger till grund f\u00f6r flera av de tidiga underh\u00e5llarna som Alger \u2019Texas\u2019 Alexander, Blind Lemon Jefferson och Bessie Tucker med titlar som \u201dAwful Moaning Blues\u201d, \u201dBlack Snake Moan\u201d och \u201dBessies Moan\u201d och \u00e4ven lite senare artister som John Lee Hooker med t ex \u201dHobo Blues\u201d och Robert Pete Williams med t ex \u201dPardon Denied Again\u201d. Se ocks\u00e5 artikeln om Robert Johnson.<\/p>\n\n\n\n<p><strong>Work Songs.<\/strong><\/p>\n\n\n\n<p>1777 skrevs en notis om en grupp slavar som paddlade i en kanot och h\u00f6ll takten genom v\u00e4xels\u00e5ng,&nbsp;<em>call and response<\/em>. Denna s\u00e5ngform blev viktig i arbetet p\u00e5 f\u00e4lten, i skogen och vid j\u00e4rnv\u00e4gsbyggen f\u00f6r att h\u00e5lla en j\u00e4mn takt i arbetet. Vikten av det f\u00f6rst\u00e5r man vid beskrivningen av n\u00e4r fyra m\u00e4n hugger ner ett stort tr\u00e4d. D\u00e5 hugger man tv\u00e5 och tv\u00e5 fr\u00e5n varsin sida av tr\u00e4det. Missar man takten s\u00e5 hugger man ner sin kamrat. Ett fint exempel p\u00e5 Youtube \u00e4r \u201dRosie and Levee Camp Holler.\u201d<\/p>\n","protected":false},"excerpt":{"rendered":"<p>Av Johnny Petersen Field Hollers, att hojta p\u00e5 f\u00e4lten. Afrikansk musik f\u00f6rknippas ofta med trummor och ringdans men till vardags var den f\u00f6rekommande musikformen herdens \u2019hojtande\u2019, dvs hans r\u00f6st som steg och sj\u00f6nk, ibland med ord men ofta bara ett hummande medan vaktade sin hjord och ingav dem en trygg k\u00e4nsla mot rovdjur, samtidigt som&hellip; <a href=\"http:\/\/folksyblues.com\/?page_id=107\" class=\"read-more\">Forts\u00e4tt l\u00e4sa Bluesens historia del III<\/a><\/p>\n","protected":false},"author":2,"featured_media":0,"parent":0,"menu_order":0,"comment_status":"closed","ping_status":"closed","template":"","meta":{"footnotes":""},"class_list":["post-107","page","type-page","status-publish","hentry"],"_links":{"self":[{"href":"http:\/\/folksyblues.com\/index.php?rest_route=\/wp\/v2\/pages\/107","targetHints":{"allow":["GET"]}}],"collection":[{"href":"http:\/\/folksyblues.com\/index.php?rest_route=\/wp\/v2\/pages"}],"about":[{"href":"http:\/\/folksyblues.com\/index.php?rest_route=\/wp\/v2\/types\/page"}],"author":[{"embeddable":true,"href":"http:\/\/folksyblues.com\/index.php?rest_route=\/wp\/v2\/users\/2"}],"replies":[{"embeddable":true,"href":"http:\/\/folksyblues.com\/index.php?rest_route=%2Fwp%2Fv2%2Fcomments&post=107"}],"version-history":[{"count":1,"href":"http:\/\/folksyblues.com\/index.php?rest_route=\/wp\/v2\/pages\/107\/revisions"}],"predecessor-version":[{"id":109,"href":"http:\/\/folksyblues.com\/index.php?rest_route=\/wp\/v2\/pages\/107\/revisions\/109"}],"wp:attachment":[{"href":"http:\/\/folksyblues.com\/index.php?rest_route=%2Fwp%2Fv2%2Fmedia&parent=107"}],"curies":[{"name":"wp","href":"https:\/\/api.w.org\/{rel}","templated":true}]}}