{"id":104,"date":"2021-03-13T15:51:46","date_gmt":"2021-03-13T15:51:46","guid":{"rendered":"http:\/\/folksyblues.com\/?page_id=104"},"modified":"2021-05-20T12:10:48","modified_gmt":"2021-05-20T12:10:48","slug":"bluesens-historia-del-ii","status":"publish","type":"page","link":"http:\/\/folksyblues.com\/?page_id=104","title":{"rendered":"Bluesens historia, del II, Hill Country"},"content":{"rendered":"\n<p><em>Av Johnny \u2018Lazy John\u2019 Peterse<\/em>n<\/p>\n\n\n\n<p>Hill Country Blues, ocks\u00e5 k\u00e4nt som North Mississippi Hill Country Blues eller bara North Mississippi Blues, ing\u00e5r i det vidare begreppet Country Blues.<\/p>\n\n\n\n<p>Det karakteriseras av en stark betoning p\u00e5 rytm och ett stadigt beat, \u00e5terkommande gitarr-riff som, s\u00e5 att s\u00e4ga, skapar en stomme till l\u00e5ten. Den utm\u00e4rks ocks\u00e5 av ganska f\u00e5 ackord, ofta bara ett enda och helt okonventionell s\u00e5ngstruktur. Det viktiga f\u00f6r musikern \u00e4r att bygga upp ett \u2018groove\u2019, en stark hypnotisk k\u00e4nsla som de kallar \u201ddrone-and-moan\u201d. Lika viktig \u00e4r den trance-liknande dansen till musiken. En l\u00e5t har heller ingen s\u00e4rskild tidsbegr\u00e4nsning utan kan p\u00e5g\u00e5 s\u00e5 l\u00e4nge man har lust. Detta \u00e5terspeglas i sextio- och sjuttiotalens psykedeliska musik d\u00e4r band som Grateful Dead visar en p\u00e5taglig inspiration av denna stil.<\/p>\n\n\n\n<p>Omr\u00e5det som kallas Hill Country ligger i norra Mississippi mot gr\u00e4nsen till Tennessee, strax s\u00f6der om Memphis i Marshall County. Centrala orter \u00e4r Holly Springs och Oxford, Mississippi vilka betraktas som centers f\u00f6r denna musik. Stilen skiljer sig ganska mycket fr\u00e5n den blues som utvecklades i det omr\u00e5de som kallas f\u00f6r The Delta (men inte \u00e4r ett delta), vilket ligger v\u00e4ster Hill Country. Denna s\u00e4regna musikstil utvecklades fr\u00e5n vad som kallas \u2018pfife &amp; drums\u2019, det vill saga en ensam liten fl\u00f6jt ackompanjerad av ett antal stora trummor till vilka man dansade p\u00e5 \u2018pic nics\u2019 d\u00e5 man gick man ur huse f\u00f6r att sl\u00e4ppa loss. R\u00f6tterna till detta kommer fr\u00e5n Afrika men anpassades till de amerikanska f\u00f6rh\u00e5llandena.<\/p>\n\n\n\n<p>N\u00e5gra av de mest k\u00e4nda artisterna (se s\u00e4rskild ruta) i denna speciella stil av roots-blues inkluderar namn som David \u201cJunior\u201d Kimbrough, hans granne Robert \u201dWolfman\u201d Belfour, Mississippi Fred Macdowell och hans konkurent Ranie Burnett samt den lite yngre R.L. Burnside. Det fanns \u00e4ven n\u00e5gra framst\u00e5ende kvinnliga artister som t.ex. Jessie Mae Hemphill och hennes faster Rosa Lee Hill. P\u00e5 v\u00e5ra breddgrader \u00e4r dansken H.P. Lange den kanske fr\u00e4mste f\u00f6retr\u00e4daren f\u00f6r musiken. S\u00e5 har han ocks\u00e5 spelat med R.L Burnside, liksom med amerikanen Kenny Brown (Burnsides vita adopterade son) vilken bredvid Burnsides sonson Cedric samt North Mississippi Allstars och i viss m\u00e5n Samantha Fish \u00e4r de vanligast \u00e5terkommande namnen n\u00e4r vi talar om Hill Country Blues.<\/p>\n\n\n\n<p>S\u00e5 Hill Country Blues \u00e4r annorlunda, men hur? Det finns en sorgsenhet i det dominerande monotona uttrycket. D\u00e4r Delta- och Chicago-musiker oftast anv\u00e4nder 8, 12 eller 16 takter h\u00e5ller sig Country Bluesen vanligtvis till f\u00f6rsta ackordet hellre \u00e4n att byta till fj\u00e4rde och femte, vilket \u00e4r normalt f\u00f6r roots music. Ibland h\u00e4nder det dock att man under det mesta av l\u00e5ten h\u00e5ller sig p\u00e5 fj\u00e4rde ackordet. Detta skifte av harmoni ger Hill Country Bluesen en jagad och lite kuslig k\u00e4nsla. Typ,&nbsp;<em>\u201c<\/em><em>I might kill you right now, baby, but then again I might just sit here all night long and never do it.<\/em>\u201d&nbsp; Den k\u00e4nslan. F\u00f6r att f\u00e5 denna sorgsna entoniga st\u00e4mning v\u00e4ljer musikerna oftast att spela i \u00f6ppna gitarr-st\u00e4mningar som G (Spanish Tuning), A och D (Vestapol Tuning). Det \u00e4r heller inte ovanligt med hybrider av dessa st\u00e4mningar, s.k. cross notes. F\u00f6r att f\u00e5 det \u201d\u00e4kta\u201d soundet b\u00f6r gitarren ocks\u00e5 ha en ospunnen tredje str\u00e4ng. Liksom i Delta-bluesen spelar man g\u00e4rna med en slide men det var lika vanligt att spela utan.<\/p>\n\n\n\n<p>Instrumenteringen kan ocks\u00e5 vara lite annorlunda \u00e4n i ett \u201cvanligt\u201d blues band. Rytmen h\u00e5lls g\u00e4rna av en tv\u00e4ttbr\u00e4da och gitarren kan vara ersatt med n\u00e5got som kan vara byggt av en pl\u00e5tburk eller cigarrl\u00e5da och ha allt fr\u00e5n en till fyra str\u00e4ngar. Munspel \u2013 Johnny Woods \u00e4r ett undantag \u2013 f\u00f6rekommer men \u00e4r inte s\u00e4rskilt vanligt utan man v\u00e4ljer hellre en fl\u00f6jt av tradition.<\/p>\n\n\n\n<div class=\"wp-block-image\"><figure class=\"aligncenter\"><img decoding=\"async\" src=\"http:\/\/mwp.olemiss.edu\/images\/maps\/MLL-hills.jpg\" alt=\"The Hill Country\"\/><\/figure><\/div>\n","protected":false},"excerpt":{"rendered":"<p>Av Johnny \u2018Lazy John\u2019 Petersen Hill Country Blues, ocks\u00e5 k\u00e4nt som North Mississippi Hill Country Blues eller bara North Mississippi Blues, ing\u00e5r i det vidare begreppet Country Blues. Det karakteriseras av en stark betoning p\u00e5 rytm och ett stadigt beat, \u00e5terkommande gitarr-riff som, s\u00e5 att s\u00e4ga, skapar en stomme till l\u00e5ten. Den utm\u00e4rks ocks\u00e5 av&hellip; <a href=\"http:\/\/folksyblues.com\/?page_id=104\" class=\"read-more\">Forts\u00e4tt l\u00e4sa Bluesens historia, del II, Hill Country<\/a><\/p>\n","protected":false},"author":2,"featured_media":0,"parent":0,"menu_order":0,"comment_status":"closed","ping_status":"closed","template":"","meta":{"footnotes":""},"class_list":["post-104","page","type-page","status-publish","hentry"],"_links":{"self":[{"href":"http:\/\/folksyblues.com\/index.php?rest_route=\/wp\/v2\/pages\/104","targetHints":{"allow":["GET"]}}],"collection":[{"href":"http:\/\/folksyblues.com\/index.php?rest_route=\/wp\/v2\/pages"}],"about":[{"href":"http:\/\/folksyblues.com\/index.php?rest_route=\/wp\/v2\/types\/page"}],"author":[{"embeddable":true,"href":"http:\/\/folksyblues.com\/index.php?rest_route=\/wp\/v2\/users\/2"}],"replies":[{"embeddable":true,"href":"http:\/\/folksyblues.com\/index.php?rest_route=%2Fwp%2Fv2%2Fcomments&post=104"}],"version-history":[{"count":4,"href":"http:\/\/folksyblues.com\/index.php?rest_route=\/wp\/v2\/pages\/104\/revisions"}],"predecessor-version":[{"id":1638,"href":"http:\/\/folksyblues.com\/index.php?rest_route=\/wp\/v2\/pages\/104\/revisions\/1638"}],"wp:attachment":[{"href":"http:\/\/folksyblues.com\/index.php?rest_route=%2Fwp%2Fv2%2Fmedia&parent=104"}],"curies":[{"name":"wp","href":"https:\/\/api.w.org\/{rel}","templated":true}]}}