{"id":100,"date":"2021-03-13T15:46:21","date_gmt":"2021-03-13T15:46:21","guid":{"rendered":"http:\/\/folksyblues.com\/?page_id=100"},"modified":"2021-03-13T15:46:21","modified_gmt":"2021-03-13T15:46:21","slug":"bluesens-historia-del-i-frank-stokes","status":"publish","type":"page","link":"http:\/\/folksyblues.com\/?page_id=100","title":{"rendered":"Bluesen\u2019s historia del I: Frank Stokes"},"content":{"rendered":"\n<p>Av Johnny Petersen<\/p>\n\n\n\n<p>Mycket har skrivits om bluesens \u2019giganter\u2019 som BB King, Muddy Waters, Howling Wolf m.fl. plus f\u00f6rst\u00e5s Robert Johnson. F\u00f6r den breda befolkningen blir ocks\u00e5 ofta begreppet \u2019blues\u2019 lika med musik i shuffle-takt av just dessa, vanligtvis Chicago-baserade musiker. H\u00e4r skall vi i en serie artiklar titta p\u00e5 r\u00f6tterna till denna musik och g\u00e5 tillbaka till 1900-talets b\u00f6rjan. Vi kommer att ber\u00e4tta b\u00e5de om enskilda artister och om olika stilar.<\/p>\n\n\n\n<p>F\u00f6rst ut \u00e4r Frank Stokes. Han f\u00f6ddes den 1 januari 1887 i Whitehaven, Tennessee, en liten bonnah\u00e5la med 75 inv\u00e5nare utanf\u00f6r Memphis mot gr\u00e4nsen till Mississippi. Detta g\u00f6r honom till en av de \u00e4ldsta k\u00e4nda musikerna i genren (Han slog igenom strax innan Charlie Patton). F\u00f6r\u00e4ldrarna dog i hans barndom och 1895 flyttade han till Memphis d\u00e4r han redan vid 13 \u00e5rs \u00e5lder, alts\u00e5 vid f\u00f6rra sekelskiftet, spelade p\u00e5 gatorna f\u00f6r att f\u00f6rs\u00f6rja sig. Senare b\u00f6rjade han ocks\u00e5 jobba som smed men fortsatte att spela p\u00e5 olika tillst\u00e4llningar, b\u00e5de i och utanf\u00f6r stan, p\u00e5 picnic\u2019s, danser, marknader och olika sociala tillst\u00e4llningar, b\u00e5de vita och svarta. Hans musik var oftast glad och gjord f\u00f6r att dansa till. Runt 1909 blev han k\u00e4nd f\u00f6r den satiriska \u201dMr. Crump Don\u2019t Like It\u201d d\u00e4r han drev med borgm\u00e4staren i Houston f\u00f6r dennes f\u00f6rbudspolitik. Han blev popul\u00e4r f\u00f6r sin djupa och rika barytonr\u00f6st och sina livliga spelningar vilket gjorde honom till en av de mest efterfr\u00e5gade artisterna p\u00e5 sin tid. Detta gjorde att slapp resa omkring som s\u00e5 m\u00e5nga andra svarta musiker utan kunde stanna hemma och sk\u00f6ta sitt vanliga jobb som smed.<\/p>\n\n\n\n<p>Under det tidiga tjugotalet slog han sig ihop med Dan Sane fr\u00e5n Mississippi och de kom att spela ihop i \u00f6ver tjugo \u00e5r. S\u00e4ttningen var ovanlig d\u00e5 Stokes b\u00e5de sj\u00f6ng och spelade sologitarr och stod f\u00f6r den underliggande takten medan Sane br\u00f6t ut i bl\u00e4ndande \u2019runs\u2019 som v\u00e4vdes runt Stokes r\u00f6st. Stokes anv\u00e4nde ofta en capo l\u00e5ngt upp p\u00e5 halsen \u2013 sj\u00e4tte och \u00e5ttonde bandet var inte ovanligt \u2013 och markerade tonen p\u00e5 f\u00f6rsta str\u00e4ngen med tydliga \u2019twangs\u2019.<\/p>\n\n\n\n<p>I motsats till hans gitarrduetter s\u00e5 \u00e4r l\u00e5tarna med fiolackompanjemang enklare och han spelar mest \u2019strumming\u2019 f\u00f6r att sl\u00e4ppa fram talangen hos Will Batts, ocks\u00e5 han fr\u00e5n Mississippi.<\/p>\n\n\n\n<p>Mellan 1927 och 1929 spelade han in 36 l\u00e5tar f\u00f6r tv\u00e5 olika skivbolag. N\u00e5gra av Frank Stokes popul\u00e4raste l\u00e5tar \u00e4r \u201dI\u2019m Goin\u2019 Away Blues\u201d, \u201dTake Me Back\u201d, \u201dTain\u2019t Nobody\u2019s Business If I Do\u201d och \u201dMr Crump Don\u2019t Like It\u201d. De flesta inspelningarna gjordes i st\u00f6rre konsertlokaler i Memphis d\u00e4r gitarrerna inte hade egna mikrofoner s\u00e5 ljudet blev ganska risigt med ett bakgrundsljud som p\u00e5minner om stekande bacon. Dessutom sjunger Stokes ibland v\u00e4ldigt intensivt med sin kraftfulla r\u00f6st och ibland viskar han n\u00e4stan. Han spelar n\u00e4stan uteslutande i tonarterna C, G och D vilket vi k\u00e4nner igen fr\u00e5n flera andra, t ex Mississippi Fred McDowell. Med hj\u00e4lp av sin capo spelade han helst dessa ackord i E-form, d\u00e4rav de h\u00f6ga capo-positionerna.<\/p>\n\n\n\n<p>Frank Stokes dog i Memphis den 12 september 1955.<\/p>\n\n\n\n<div class=\"wp-block-image\"><figure class=\"aligncenter size-large\"><img loading=\"lazy\" decoding=\"async\" width=\"329\" height=\"302\" src=\"http:\/\/folksyblues.com\/wp-content\/uploads\/2021\/03\/Frank_Stokes.jpg\" alt=\"\" class=\"wp-image-101\" srcset=\"http:\/\/folksyblues.com\/wp-content\/uploads\/2021\/03\/Frank_Stokes.jpg 329w, http:\/\/folksyblues.com\/wp-content\/uploads\/2021\/03\/Frank_Stokes-300x275.jpg 300w\" sizes=\"auto, (max-width: 329px) 100vw, 329px\" \/><\/figure><\/div>\n","protected":false},"excerpt":{"rendered":"<p>Av Johnny Petersen Mycket har skrivits om bluesens \u2019giganter\u2019 som BB King, Muddy Waters, Howling Wolf m.fl. plus f\u00f6rst\u00e5s Robert Johnson. F\u00f6r den breda befolkningen blir ocks\u00e5 ofta begreppet \u2019blues\u2019 lika med musik i shuffle-takt av just dessa, vanligtvis Chicago-baserade musiker. H\u00e4r skall vi i en serie artiklar titta p\u00e5 r\u00f6tterna till denna musik och&hellip; <a href=\"http:\/\/folksyblues.com\/?page_id=100\" class=\"read-more\">Forts\u00e4tt l\u00e4sa Bluesen\u2019s historia del I: Frank Stokes<\/a><\/p>\n","protected":false},"author":2,"featured_media":0,"parent":0,"menu_order":0,"comment_status":"closed","ping_status":"closed","template":"","meta":{"footnotes":""},"class_list":["post-100","page","type-page","status-publish","hentry"],"_links":{"self":[{"href":"http:\/\/folksyblues.com\/index.php?rest_route=\/wp\/v2\/pages\/100","targetHints":{"allow":["GET"]}}],"collection":[{"href":"http:\/\/folksyblues.com\/index.php?rest_route=\/wp\/v2\/pages"}],"about":[{"href":"http:\/\/folksyblues.com\/index.php?rest_route=\/wp\/v2\/types\/page"}],"author":[{"embeddable":true,"href":"http:\/\/folksyblues.com\/index.php?rest_route=\/wp\/v2\/users\/2"}],"replies":[{"embeddable":true,"href":"http:\/\/folksyblues.com\/index.php?rest_route=%2Fwp%2Fv2%2Fcomments&post=100"}],"version-history":[{"count":1,"href":"http:\/\/folksyblues.com\/index.php?rest_route=\/wp\/v2\/pages\/100\/revisions"}],"predecessor-version":[{"id":102,"href":"http:\/\/folksyblues.com\/index.php?rest_route=\/wp\/v2\/pages\/100\/revisions\/102"}],"wp:attachment":[{"href":"http:\/\/folksyblues.com\/index.php?rest_route=%2Fwp%2Fv2%2Fmedia&parent=100"}],"curies":[{"name":"wp","href":"https:\/\/api.w.org\/{rel}","templated":true}]}}